{"id":2222,"date":"2022-04-01T13:45:47","date_gmt":"2022-04-01T13:45:47","guid":{"rendered":"https:\/\/amberdistribution.lv\/?post_type=product&#038;p=2222"},"modified":"2024-02-12T09:01:22","modified_gmt":"2024-02-12T09:01:22","slug":"clan-macgregor","status":"publish","type":"product","link":"https:\/\/amberdistribution.lv\/lv\/product\/clan-macgregor\/","title":{"rendered":"Clan MacGregor"},"content":{"rendered":"<p>Clan MacGregor ir jauktais skotu viskijs ar sabalans\u0113tu, pat\u012bkamu gar\u0161u, maigs, ar medus un gar\u0161vielu not\u012bm.<\/p>\n<p>Viskijs Clan MacGregor godina vienu no Skotijas vec\u0101kajiem, MacGregoru, klaniem, kas ar slavenu v\u0113sturi t\u0101laj\u0101 14. gadsimt\u0101, seno \u0136eltu karaliskajiem p\u0113cn\u0101c\u0113jiem pasludin\u0101ja dev\u012bzi \u201cKaralisk\u0101 ir mana rase\u201d.<\/p>\n<p>Uz \u0161\u012bs pudeles ir att\u0113lots lauvas galvas simbols, kas ir personiskais klana vado\u0146a \u0123erbonis un tiek izmantots ar vi\u0146a laipno at\u013cauju.<\/p>\n","protected":false},"excerpt":{"rendered":"<p>Clan MacGregor ir jauktais skotu viskijs ar sabalans\u0113tu, pat\u012bkamu gar\u0161u, maigs, ar medus un gar\u0161vielu not\u012bm. Viskijs Clan MacGregor godina vienu no Skotijas vec\u0101kajiem, MacGregoru, klaniem, kas ar slavenu v\u0113sturi...<\/p>\n","protected":false},"featured_media":2228,"template":"","meta":[],"product_cat":[297],"product_tag":[],"acf":[],"_links":{"self":[{"href":"https:\/\/amberdistribution.lv\/lv\/wp-json\/wp\/v2\/product\/2222"}],"collection":[{"href":"https:\/\/amberdistribution.lv\/lv\/wp-json\/wp\/v2\/product"}],"about":[{"href":"https:\/\/amberdistribution.lv\/lv\/wp-json\/wp\/v2\/types\/product"}],"wp:featuredmedia":[{"embeddable":true,"href":"https:\/\/amberdistribution.lv\/lv\/wp-json\/wp\/v2\/media\/2228"}],"wp:attachment":[{"href":"https:\/\/amberdistribution.lv\/lv\/wp-json\/wp\/v2\/media?parent=2222"}],"wp:term":[{"taxonomy":"product_cat","embeddable":true,"href":"https:\/\/amberdistribution.lv\/lv\/wp-json\/wp\/v2\/product_cat?post=2222"},{"taxonomy":"product_tag","embeddable":true,"href":"https:\/\/amberdistribution.lv\/lv\/wp-json\/wp\/v2\/product_tag?post=2222"}],"curies":[{"name":"wp","href":"https:\/\/api.w.org\/{rel}","templated":true}]}}