{"id":2270,"date":"2022-04-12T07:35:31","date_gmt":"2022-04-12T07:35:31","guid":{"rendered":"https:\/\/amberdistribution.lv\/?post_type=product&#038;p=2270"},"modified":"2023-01-13T09:35:06","modified_gmt":"2023-01-13T09:35:06","slug":"writers-tears-double-oak-gb","status":"publish","type":"product","link":"https:\/\/amberdistribution.lv\/lv\/product\/writers-tears-double-oak-gb\/","title":{"rendered":"Writers Tears Double Oak"},"content":{"rendered":"<p>Writers Tears Double Oak GB ir ekskluz\u012bvs \u012bru viskijs, kas rad\u012bts izmantojot 2 kokus un divus premium viskija veidus. Tas ir ra\u017eots no Single Pot un Single Malt \u012bru viskijiem, kas nogatavin\u0101ti divu veidu muc\u0101s -\u00a0 amerik\u0101nu ozola\u00a0 Burbona muc\u0101s no Kentuki un fran\u010du ozola konjaka muc\u0101s no Konjakas re\u0123iona Francij\u0101. tas ir 3 x destil\u0113ts. \u0160is produkts ir rad\u012bts, cie\u0161i sadarbojoties Walsh \u0123imenei \u012arijas K\u0101rlovas gr\u0101fist\u0113 un Legaret \u0123imenei Konjak\u0101, Francij\u0101. Viskij\u0101 j\u016btamas sald\u0101s vani\u013cas notis, kan\u0113\u013ca, pl\u016bmju un bumbieru notis. Gar\u0161a j\u016btam citrusaug\u013cu mizi\u0146a, \u0161okol\u0101des pieska\u0146a un notur\u012bgas gar\u0161vielas, kas to padaraeleganti baud\u0101mu.<\/p>\n","protected":false},"excerpt":{"rendered":"<p>Writers Tears Double Oak GB ir ekskluz\u012bvs \u012bru viskijs, kas rad\u012bts izmantojot 2 kokus un divus premium viskija veidus. Tas ir ra\u017eots no Single Pot un Single Malt \u012bru viskijiem,...<\/p>\n","protected":false},"featured_media":2268,"template":"","meta":[],"product_cat":[298],"product_tag":[],"acf":[],"_links":{"self":[{"href":"https:\/\/amberdistribution.lv\/lv\/wp-json\/wp\/v2\/product\/2270"}],"collection":[{"href":"https:\/\/amberdistribution.lv\/lv\/wp-json\/wp\/v2\/product"}],"about":[{"href":"https:\/\/amberdistribution.lv\/lv\/wp-json\/wp\/v2\/types\/product"}],"wp:featuredmedia":[{"embeddable":true,"href":"https:\/\/amberdistribution.lv\/lv\/wp-json\/wp\/v2\/media\/2268"}],"wp:attachment":[{"href":"https:\/\/amberdistribution.lv\/lv\/wp-json\/wp\/v2\/media?parent=2270"}],"wp:term":[{"taxonomy":"product_cat","embeddable":true,"href":"https:\/\/amberdistribution.lv\/lv\/wp-json\/wp\/v2\/product_cat?post=2270"},{"taxonomy":"product_tag","embeddable":true,"href":"https:\/\/amberdistribution.lv\/lv\/wp-json\/wp\/v2\/product_tag?post=2270"}],"curies":[{"name":"wp","href":"https:\/\/api.w.org\/{rel}","templated":true}]}}