{"id":2288,"date":"2022-04-12T07:47:51","date_gmt":"2022-04-12T07:47:51","guid":{"rendered":"https:\/\/amberdistribution.lv\/?post_type=product&#038;p=2288"},"modified":"2022-04-12T07:47:52","modified_gmt":"2022-04-12T07:47:52","slug":"tullamore-dew-3","status":"publish","type":"product","link":"https:\/\/amberdistribution.lv\/lv\/product\/tullamore-dew-3\/","title":{"rendered":"Tullamore Dew"},"content":{"rendered":"<p>Tullamore D.E.W. ir \u012bru viskijs, kas at\u0161\u0137iras ar savu unik\u0101lo pagatavo\u0161anas metodi. Tullamore DEW ir rad\u012bts, sajaucot tr\u012bs da\u017e\u0101dus viskija spirtus \u2013 graudu, iesala un \u201ePot Still\u201d jeb \u012bpa\u0161\u0101 destil\u0101cijas kolb\u0101 rad\u012btu viskija spirtu. Tas ir \u0101rk\u0101rt\u012bgi maigs, ar pikant\u0101m citrusa un iesala not\u012bm bag\u0101tin\u0101ts viskijs, kura p\u0113cgar\u0161\u0101 j\u016btamas vani\u013cas un riekstu notis.<\/p>\n","protected":false},"excerpt":{"rendered":"<p>Tullamore D.E.W. ir \u012bru viskijs, kas at\u0161\u0137iras ar savu unik\u0101lo pagatavo\u0161anas metodi. Tullamore DEW ir rad\u012bts, sajaucot tr\u012bs da\u017e\u0101dus viskija spirtus \u2013 graudu, iesala un \u201ePot Still\u201d jeb \u012bpa\u0161\u0101 destil\u0101cijas...<\/p>\n","protected":false},"featured_media":2283,"template":"","meta":[],"product_cat":[298],"product_tag":[],"acf":[],"_links":{"self":[{"href":"https:\/\/amberdistribution.lv\/lv\/wp-json\/wp\/v2\/product\/2288"}],"collection":[{"href":"https:\/\/amberdistribution.lv\/lv\/wp-json\/wp\/v2\/product"}],"about":[{"href":"https:\/\/amberdistribution.lv\/lv\/wp-json\/wp\/v2\/types\/product"}],"wp:featuredmedia":[{"embeddable":true,"href":"https:\/\/amberdistribution.lv\/lv\/wp-json\/wp\/v2\/media\/2283"}],"wp:attachment":[{"href":"https:\/\/amberdistribution.lv\/lv\/wp-json\/wp\/v2\/media?parent=2288"}],"wp:term":[{"taxonomy":"product_cat","embeddable":true,"href":"https:\/\/amberdistribution.lv\/lv\/wp-json\/wp\/v2\/product_cat?post=2288"},{"taxonomy":"product_tag","embeddable":true,"href":"https:\/\/amberdistribution.lv\/lv\/wp-json\/wp\/v2\/product_tag?post=2288"}],"curies":[{"name":"wp","href":"https:\/\/api.w.org\/{rel}","templated":true}]}}