{"id":2311,"date":"2022-04-12T08:16:27","date_gmt":"2022-04-12T08:16:27","guid":{"rendered":"https:\/\/amberdistribution.lv\/?post_type=product&#038;p=2311"},"modified":"2022-04-12T08:16:27","modified_gmt":"2022-04-12T08:16:27","slug":"kentucky-owl-batch-9","status":"publish","type":"product","link":"https:\/\/amberdistribution.lv\/lv\/product\/kentucky-owl-batch-9\/","title":{"rendered":"Kentucky Owl Batch #9"},"content":{"rendered":"<p>Kentucky Owl Batch #9 veidots no 15 gadus veca, divu veidu 14 gad\u012bga, 12 gad\u012bga, 7gad\u012bga un 6gad\u012bga Kentucky Straight Burbona viskijiem. \u201cBatch #9 viennoz\u012bm\u012bgi ir viss robust\u0101kais un drosm\u012bg\u0101kais produkts no Kentucky Owl, ko esmu rad\u012bjis un esmu paties\u0101 saj\u016bsm\u0101,\" Diksons Dedmans, Master Blender Arom\u0101ts \u2013 \u0101bols, balt\u0101 v\u012bnoga, kan\u0113lis, vanilla un ozols. Gar\u0161a - medus, t\u0113ja, citrusaug\u013ci un pikanta piparu p\u0113cgar\u0161a.<\/p>\n","protected":false},"excerpt":{"rendered":"<p>Kentucky Owl Batch #9 veidots no 15 gadus veca, divu veidu 14 gad\u012bga, 12 gad\u012bga, 7gad\u012bga un 6gad\u012bga Kentucky Straight Burbona viskijiem. \u201cBatch #9 viennoz\u012bm\u012bgi ir viss robust\u0101kais un drosm\u012bg\u0101kais...<\/p>\n","protected":false},"featured_media":2312,"template":"","meta":[],"product_cat":[104],"product_tag":[],"acf":[],"_links":{"self":[{"href":"https:\/\/amberdistribution.lv\/lv\/wp-json\/wp\/v2\/product\/2311"}],"collection":[{"href":"https:\/\/amberdistribution.lv\/lv\/wp-json\/wp\/v2\/product"}],"about":[{"href":"https:\/\/amberdistribution.lv\/lv\/wp-json\/wp\/v2\/types\/product"}],"wp:featuredmedia":[{"embeddable":true,"href":"https:\/\/amberdistribution.lv\/lv\/wp-json\/wp\/v2\/media\/2312"}],"wp:attachment":[{"href":"https:\/\/amberdistribution.lv\/lv\/wp-json\/wp\/v2\/media?parent=2311"}],"wp:term":[{"taxonomy":"product_cat","embeddable":true,"href":"https:\/\/amberdistribution.lv\/lv\/wp-json\/wp\/v2\/product_cat?post=2311"},{"taxonomy":"product_tag","embeddable":true,"href":"https:\/\/amberdistribution.lv\/lv\/wp-json\/wp\/v2\/product_tag?post=2311"}],"curies":[{"name":"wp","href":"https:\/\/api.w.org\/{rel}","templated":true}]}}