{"id":2319,"date":"2022-04-12T08:20:32","date_gmt":"2022-04-12T08:20:32","guid":{"rendered":"https:\/\/amberdistribution.lv\/?post_type=product&#038;p=2319"},"modified":"2022-04-12T08:21:00","modified_gmt":"2022-04-12T08:21:00","slug":"kentucky-owl-confiscated","status":"publish","type":"product","link":"https:\/\/amberdistribution.lv\/lv\/product\/kentucky-owl-confiscated\/","title":{"rendered":"Kentucky Owl Confiscated"},"content":{"rendered":"<p><strong>KENTUCKY OWL CONFISCATED<\/strong><\/p>\n<p>1916.gad\u0101 tie\u0161i pirms Saus\u0101 likuma ievie\u0161anas ASV feder\u0101l\u0101 vald\u012bb\u0101 konfisc\u0113ja piln\u012bgi visus Dedman \u0123imenes viskija kr\u0101jumus, kuri vairs nekad netika redz\u0113ti. CONFISCATED Kentucky Straight Bourbon Whiskey ir velt\u012bjums \u0161\u012bm nozudu\u0161aj\u0101m burbona muc\u0101m.<\/p>\n<p><strong>GAR\u0160AS UN AROM\u0100TA IEZ\u012aMES:<\/strong><\/p>\n<p><strong>Arom\u0101ts -\u00a0<\/strong>ozols, karamele, tum\u0161\u0101 \u0161okol\u0101de, grill\u0113ta ban\u0101na notis<\/p>\n<p><strong>Gar\u0161a -\u00a0<\/strong>delik\u0101ts\/maigs ozols, vani\u013ca, ban\u0101nu pudi\u0146\u0161 un svaigu citrusaug\u013cu bu\u0137ete p\u0113cgar\u0161\u0101<\/p>\n","protected":false},"excerpt":{"rendered":"<p>KENTUCKY OWL CONFISCATED 1916.gad\u0101 tie\u0161i pirms Saus\u0101 likuma ievie\u0161anas ASV feder\u0101l\u0101 vald\u012bb\u0101 konfisc\u0113ja piln\u012bgi visus Dedman \u0123imenes viskija kr\u0101jumus, kuri vairs nekad netika redz\u0113ti. CONFISCATED Kentucky Straight Bourbon Whiskey ir...<\/p>\n","protected":false},"featured_media":2314,"template":"","meta":[],"product_cat":[104],"product_tag":[],"acf":[],"_links":{"self":[{"href":"https:\/\/amberdistribution.lv\/lv\/wp-json\/wp\/v2\/product\/2319"}],"collection":[{"href":"https:\/\/amberdistribution.lv\/lv\/wp-json\/wp\/v2\/product"}],"about":[{"href":"https:\/\/amberdistribution.lv\/lv\/wp-json\/wp\/v2\/types\/product"}],"wp:featuredmedia":[{"embeddable":true,"href":"https:\/\/amberdistribution.lv\/lv\/wp-json\/wp\/v2\/media\/2314"}],"wp:attachment":[{"href":"https:\/\/amberdistribution.lv\/lv\/wp-json\/wp\/v2\/media?parent=2319"}],"wp:term":[{"taxonomy":"product_cat","embeddable":true,"href":"https:\/\/amberdistribution.lv\/lv\/wp-json\/wp\/v2\/product_cat?post=2319"},{"taxonomy":"product_tag","embeddable":true,"href":"https:\/\/amberdistribution.lv\/lv\/wp-json\/wp\/v2\/product_tag?post=2319"}],"curies":[{"name":"wp","href":"https:\/\/api.w.org\/{rel}","templated":true}]}}