{"id":2330,"date":"2022-04-12T08:32:11","date_gmt":"2022-04-12T08:32:11","guid":{"rendered":"https:\/\/amberdistribution.lv\/?post_type=product&#038;p=2330"},"modified":"2022-05-03T07:38:22","modified_gmt":"2022-05-03T07:38:22","slug":"irishman-harvest","status":"publish","type":"product","link":"https:\/\/amberdistribution.lv\/lv\/product\/irishman-harvest\/","title":{"rendered":"Irishman Harvest"},"content":{"rendered":"<p>Tas ir br\u012bni\u0161\u0137\u012bgs Single Malt un Single Pot Still savienojums 70% un 30%.\u00a0 Lai godin\u0101tu \u012arijas bag\u0101t\u012bgo lauksaimniec\u012bbas un destil\u0101cijas mantojumu, viskija nosaukum\u0101 ir - ra\u017ea. Tr\u012bsk\u0101r\u0161i destil\u0113ts, nogatavin\u0101ts amerik\u0101\u0146u ozolkoka burbona muc\u0101s un izgatavots no misas, kas piln\u012bb\u0101 izgatavota no \u012bru mie\u017eiem. Sajut\u012bsiet taj\u0101 gar\u0161vielas, melnos piparus un persiku arom\u0101tu, sagar\u0161osiet tum\u0161o \u0161okol\u0101di un burbona ozolu. J\u016bs sajut\u012bsiet t\u0101 m\u012bksto un gludo gar\u0161u.<\/p>\n","protected":false},"excerpt":{"rendered":"<p>Tas ir br\u012bni\u0161\u0137\u012bgs Single Malt un Single Pot Still savienojums 70% un 30%.\u00a0 Lai godin\u0101tu \u012arijas bag\u0101t\u012bgo lauksaimniec\u012bbas un destil\u0101cijas mantojumu, viskija nosaukum\u0101 ir - ra\u017ea. Tr\u012bsk\u0101r\u0161i destil\u0113ts, nogatavin\u0101ts amerik\u0101\u0146u...<\/p>\n","protected":false},"featured_media":2326,"template":"","meta":[],"product_cat":[298],"product_tag":[],"acf":[],"_links":{"self":[{"href":"https:\/\/amberdistribution.lv\/lv\/wp-json\/wp\/v2\/product\/2330"}],"collection":[{"href":"https:\/\/amberdistribution.lv\/lv\/wp-json\/wp\/v2\/product"}],"about":[{"href":"https:\/\/amberdistribution.lv\/lv\/wp-json\/wp\/v2\/types\/product"}],"wp:featuredmedia":[{"embeddable":true,"href":"https:\/\/amberdistribution.lv\/lv\/wp-json\/wp\/v2\/media\/2326"}],"wp:attachment":[{"href":"https:\/\/amberdistribution.lv\/lv\/wp-json\/wp\/v2\/media?parent=2330"}],"wp:term":[{"taxonomy":"product_cat","embeddable":true,"href":"https:\/\/amberdistribution.lv\/lv\/wp-json\/wp\/v2\/product_cat?post=2330"},{"taxonomy":"product_tag","embeddable":true,"href":"https:\/\/amberdistribution.lv\/lv\/wp-json\/wp\/v2\/product_tag?post=2330"}],"curies":[{"name":"wp","href":"https:\/\/api.w.org\/{rel}","templated":true}]}}