{"id":2334,"date":"2022-04-12T08:41:17","date_gmt":"2022-04-12T08:41:17","guid":{"rendered":"https:\/\/amberdistribution.lv\/?post_type=product&#038;p=2334"},"modified":"2022-04-12T08:41:17","modified_gmt":"2022-04-12T08:41:17","slug":"glenfiddich-15yo","status":"publish","type":"product","link":"https:\/\/amberdistribution.lv\/lv\/product\/glenfiddich-15yo\/","title":{"rendered":"Glenfiddich 15YO"},"content":{"rendered":"<p>P\u0113c 15 gadu briedin\u0101\u0161anas heresa, burbona un jaun\u0101s Amerikas ozolkoka muc\u0101s, Glenfiddich 15 Years Old tiek sajaukts un papildus nogatavin\u0101ts Glenfiddich ra\u017eotnes unik\u0101laj\u0101 Solera tvertn\u0113. \u0160\u012b pagatavo\u0161anas metode pie\u0161\u0137ir bag\u0101t\u012bgus un sabalans\u0113tus aug\u013cu un medus gar\u0161as to\u0146us, papildin\u0101tus ar maigu pikantumu, kur\u0101 j\u016btamas kan\u0113\u013ca un ingvera gar\u0161as nianses.<\/p>\n","protected":false},"excerpt":{"rendered":"<p>Zelta meda\u013ca 2015.gada konkurs\u0101 The Scotch Whisky Masters. Sudraba meda\u013ca OUTSTANDING SILVER MEDAL 2014.gada konkurs\u0101 International Wine and Spirit Competition (IWSC).<\/p>\n","protected":false},"featured_media":2337,"template":"","meta":[],"product_cat":[297],"product_tag":[],"acf":[],"_links":{"self":[{"href":"https:\/\/amberdistribution.lv\/lv\/wp-json\/wp\/v2\/product\/2334"}],"collection":[{"href":"https:\/\/amberdistribution.lv\/lv\/wp-json\/wp\/v2\/product"}],"about":[{"href":"https:\/\/amberdistribution.lv\/lv\/wp-json\/wp\/v2\/types\/product"}],"wp:featuredmedia":[{"embeddable":true,"href":"https:\/\/amberdistribution.lv\/lv\/wp-json\/wp\/v2\/media\/2337"}],"wp:attachment":[{"href":"https:\/\/amberdistribution.lv\/lv\/wp-json\/wp\/v2\/media?parent=2334"}],"wp:term":[{"taxonomy":"product_cat","embeddable":true,"href":"https:\/\/amberdistribution.lv\/lv\/wp-json\/wp\/v2\/product_cat?post=2334"},{"taxonomy":"product_tag","embeddable":true,"href":"https:\/\/amberdistribution.lv\/lv\/wp-json\/wp\/v2\/product_tag?post=2334"}],"curies":[{"name":"wp","href":"https:\/\/api.w.org\/{rel}","templated":true}]}}