{"id":2358,"date":"2022-04-12T09:07:03","date_gmt":"2022-04-12T09:07:03","guid":{"rendered":"https:\/\/amberdistribution.lv\/?post_type=product&#038;p=2358"},"modified":"2022-04-12T09:07:03","modified_gmt":"2022-04-12T09:07:03","slug":"glenfiddich-23yo-grand-cru","status":"publish","type":"product","link":"https:\/\/amberdistribution.lv\/lv\/product\/glenfiddich-23yo-grand-cru\/","title":{"rendered":"Glenfiddich 23YO Grand Cru"},"content":{"rendered":"<p>Ekskluz\u012bvs viskijs, iztur\u0113ts vismaz 23 gadus Amerikas un Eiropas ozolkoka muc\u0101s un savu sl\u012bp\u0113jumu guvis \u012bpa\u0161\u0101s Fran\u010du ozola\u00a0<em>Cuv\u00e9e<\/em>\u00a0muc\u0101s, kur\u0101s iepriek\u0161 tiku\u0161i iztur\u0113ti v\u012bni lab\u0101ko \u0161ampanie\u0161u pagatavo\u0161anai.<\/p>\n<p>Katrs\u00a0<strong>Glenfiddich 23YO Grand Cru\u00a0<\/strong>piliens ir rad\u012bts harmonisk\u0101 mijiedarb\u012bb\u0101 \u013caujot tam 6 m\u0113ne\u0161u laik\u0101\u00a0<em>Cuv\u00e9e\u00a0<\/em>muc\u0101s sapl\u016bst vien\u0101 vesel\u0101, sniedzot jaunas arom\u0101tu dimensijas no \u0101beles ziediem l\u012bdz citrona suk\u0101d\u0113m un svaigi ceptas maizes nians\u0113m.<\/p>\n<p>Gar\u0161\u0101 j\u016btama bag\u0101t\u012bga vani\u013cas, sald\u0101s\u00a0<em>brioche<\/em>\u00a0maizes, sandalkoka, bumbieru sorberta un gai\u0161o v\u012bnogu bu\u0137ete, ar ilgu un atmi\u0146\u0101 palieko\u0161u p\u0113cgar\u0161u.<\/p>\n","protected":false},"excerpt":{"rendered":"<p>Ekskluz\u012bvs viskijs, iztur\u0113ts vismaz 23 gadus Amerikas un Eiropas ozolkoka muc\u0101s un savu sl\u012bp\u0113jumu guvis \u012bpa\u0161\u0101s Fran\u010du ozola\u00a0Cuv\u00e9e\u00a0muc\u0101s, kur\u0101s iepriek\u0161 tiku\u0161i iztur\u0113ti v\u012bni lab\u0101ko \u0161ampanie\u0161u pagatavo\u0161anai. Katrs\u00a0Glenfiddich 23YO Grand Cru\u00a0piliens...<\/p>\n","protected":false},"featured_media":2339,"template":"","meta":[],"product_cat":[297],"product_tag":[],"acf":[],"_links":{"self":[{"href":"https:\/\/amberdistribution.lv\/lv\/wp-json\/wp\/v2\/product\/2358"}],"collection":[{"href":"https:\/\/amberdistribution.lv\/lv\/wp-json\/wp\/v2\/product"}],"about":[{"href":"https:\/\/amberdistribution.lv\/lv\/wp-json\/wp\/v2\/types\/product"}],"wp:featuredmedia":[{"embeddable":true,"href":"https:\/\/amberdistribution.lv\/lv\/wp-json\/wp\/v2\/media\/2339"}],"wp:attachment":[{"href":"https:\/\/amberdistribution.lv\/lv\/wp-json\/wp\/v2\/media?parent=2358"}],"wp:term":[{"taxonomy":"product_cat","embeddable":true,"href":"https:\/\/amberdistribution.lv\/lv\/wp-json\/wp\/v2\/product_cat?post=2358"},{"taxonomy":"product_tag","embeddable":true,"href":"https:\/\/amberdistribution.lv\/lv\/wp-json\/wp\/v2\/product_tag?post=2358"}],"curies":[{"name":"wp","href":"https:\/\/api.w.org\/{rel}","templated":true}]}}