{"id":2359,"date":"2022-04-12T09:13:22","date_gmt":"2022-04-12T09:13:22","guid":{"rendered":"https:\/\/amberdistribution.lv\/?post_type=product&#038;p=2359"},"modified":"2022-04-12T09:13:22","modified_gmt":"2022-04-12T09:13:22","slug":"glenfiddich-26yo-grande-couronne-single-malt","status":"publish","type":"product","link":"https:\/\/amberdistribution.lv\/lv\/product\/glenfiddich-26yo-grande-couronne-single-malt\/","title":{"rendered":"Glenfiddich 26YO Grande Couronne Single Malt"},"content":{"rendered":"<p>GRANDE COURONNE Single Malt viskijs apvelt\u012bts ar izcilu bag\u0101t\u012bbu, sapludinot sev\u012b divu izmekl\u0113tu ar sav\u0101m trad\u012bcij\u0101m zin\u0101mu namu meistar\u012bbu un pieredzi. Nogatavin\u0101ts Gelnfiddich ra\u017eotn\u0113, Amerikas un Eiropas ozolkoka muc\u0101s pavadot tur 26 gadus, bet pirms kron\u0113\u0161anas un slavas, tas aizvada papildu iztur\u0113\u0161anu ret\u0101s un \u012bpa\u0161i atlas\u012bt\u0101s Fran\u010du ozolkoka konjaka muc\u0101s. P\u0113d\u0113jais piesk\u0101riens ir maiga harmonija, kur kafijas kr\u0113m\u0101, br\u016bn\u0101 cukura un gar\u0161vielu arom\u0101ti sapl\u016bst vien\u0101. Kam\u0113r gais\u0101 virpu\u013co ozolkoka saldums un smalkmaiz\u012b\u0161u smar\u017ea, ilgaj\u0101, saldi samtainaj\u0101 p\u0113cgar\u0161\u0101 sniedzot katram malkam patiesu piln\u012bbu. Glenfiddich ir visvair\u0101k godalgu sa\u0146\u0113mu\u0161ais Single Malt viskijs pasaul\u0113.<\/p>\n","protected":false},"excerpt":{"rendered":"<p>GRANDE COURONNE Single Malt viskijs apvelt\u012bts ar izcilu bag\u0101t\u012bbu, sapludinot sev\u012b divu izmekl\u0113tu ar sav\u0101m trad\u012bcij\u0101m zin\u0101mu namu meistar\u012bbu un pieredzi. Nogatavin\u0101ts Gelnfiddich ra\u017eotn\u0113, Amerikas un Eiropas ozolkoka muc\u0101s pavadot...<\/p>\n","protected":false},"featured_media":2341,"template":"","meta":[],"product_cat":[297],"product_tag":[],"acf":[],"_links":{"self":[{"href":"https:\/\/amberdistribution.lv\/lv\/wp-json\/wp\/v2\/product\/2359"}],"collection":[{"href":"https:\/\/amberdistribution.lv\/lv\/wp-json\/wp\/v2\/product"}],"about":[{"href":"https:\/\/amberdistribution.lv\/lv\/wp-json\/wp\/v2\/types\/product"}],"wp:featuredmedia":[{"embeddable":true,"href":"https:\/\/amberdistribution.lv\/lv\/wp-json\/wp\/v2\/media\/2341"}],"wp:attachment":[{"href":"https:\/\/amberdistribution.lv\/lv\/wp-json\/wp\/v2\/media?parent=2359"}],"wp:term":[{"taxonomy":"product_cat","embeddable":true,"href":"https:\/\/amberdistribution.lv\/lv\/wp-json\/wp\/v2\/product_cat?post=2359"},{"taxonomy":"product_tag","embeddable":true,"href":"https:\/\/amberdistribution.lv\/lv\/wp-json\/wp\/v2\/product_tag?post=2359"}],"curies":[{"name":"wp","href":"https:\/\/api.w.org\/{rel}","templated":true}]}}