{"id":2360,"date":"2022-04-12T09:15:57","date_gmt":"2022-04-12T09:15:57","guid":{"rendered":"https:\/\/amberdistribution.lv\/?post_type=product&#038;p=2360"},"modified":"2023-04-26T12:41:38","modified_gmt":"2023-04-26T12:41:38","slug":"glenfiddich-30-yo","status":"publish","type":"product","link":"https:\/\/amberdistribution.lv\/lv\/product\/glenfiddich-30-yo\/","title":{"rendered":"Glenfiddich 30 YO"},"content":{"rendered":"<p>Izcils viena iesala viskijs, kas sp\u0101\u0146u Oloroso un amerik\u0101\u0146u burbona muc\u0101s pavad\u012bjis vismaz 30 gadus. M\u016bsu Viskija meistars veic r\u016bp\u012bgu mucu atlasi \u2013 katru no t\u0101m vi\u0146\u0161 person\u012bgi p\u0101rbauda un izv\u0113las tikai lab\u0101k\u0101s, kuras tiks pievienotas \u0161\u0101 izcil\u0101 viskija pagatavo\u0161anai, lai ieg\u016btu atbilsto\u0161\u0101ko ozolkoka un medain\u0101 siltuma l\u012bdzsvaru. Rezult\u0101ts ir p\u0101rsteidzo\u0161s \u2013 vair\u0101k k\u0101 30 gadu vecs viskijs ar dzi\u013cu, daudzsl\u0101\u0146ainu gar\u0161u un meistar\u012bgu p\u0113cgar\u0161u. \u012asts pieredz\u0113ju\u0161a meistara roku darbs.<\/p>\n","protected":false},"excerpt":{"rendered":"<p>Izcils viena iesala viskijs, kas sp\u0101\u0146u Oloroso un amerik\u0101\u0146u burbona muc\u0101s pavad\u012bjis vismaz 30 gadus. M\u016bsu Viskija meistars veic r\u016bp\u012bgu mucu atlasi \u2013 katru no t\u0101m vi\u0146\u0161 person\u012bgi p\u0101rbauda un...<\/p>\n","protected":false},"featured_media":5705,"template":"","meta":[],"product_cat":[297],"product_tag":[],"acf":[],"_links":{"self":[{"href":"https:\/\/amberdistribution.lv\/lv\/wp-json\/wp\/v2\/product\/2360"}],"collection":[{"href":"https:\/\/amberdistribution.lv\/lv\/wp-json\/wp\/v2\/product"}],"about":[{"href":"https:\/\/amberdistribution.lv\/lv\/wp-json\/wp\/v2\/types\/product"}],"wp:featuredmedia":[{"embeddable":true,"href":"https:\/\/amberdistribution.lv\/lv\/wp-json\/wp\/v2\/media\/5705"}],"wp:attachment":[{"href":"https:\/\/amberdistribution.lv\/lv\/wp-json\/wp\/v2\/media?parent=2360"}],"wp:term":[{"taxonomy":"product_cat","embeddable":true,"href":"https:\/\/amberdistribution.lv\/lv\/wp-json\/wp\/v2\/product_cat?post=2360"},{"taxonomy":"product_tag","embeddable":true,"href":"https:\/\/amberdistribution.lv\/lv\/wp-json\/wp\/v2\/product_tag?post=2360"}],"curies":[{"name":"wp","href":"https:\/\/api.w.org\/{rel}","templated":true}]}}