{"id":2361,"date":"2022-04-12T09:17:55","date_gmt":"2022-04-12T09:17:55","guid":{"rendered":"https:\/\/amberdistribution.lv\/?post_type=product&#038;p=2361"},"modified":"2022-04-12T09:17:56","modified_gmt":"2022-04-12T09:17:56","slug":"glenfiddich-fire-and-cane","status":"publish","type":"product","link":"https:\/\/amberdistribution.lv\/lv\/product\/glenfiddich-fire-and-cane\/","title":{"rendered":"Glenfiddich Fire and Cane"},"content":{"rendered":"<p>Glenfiddich Eksperiment\u0101l\u0101 S\u0113rija papla\u0161ina viskija kategorijas robe\u017eas un izaicina trad\u012bcijas. FIRE &amp; CANE viena iesala viskij\u0101 apvienoti gan k\u016bdroti, gan bez k\u016bdras kl\u0101tb\u016btnes pagatavoti Glenfiddich viskija spirti, kuru briedin\u0101\u0161ana pabeigta Kar\u012bbu re\u0123iona ruma muc\u0101s. Neierast\u0101 d\u016bmu un salduma kombin\u0101cija rad\u012bjusi patie\u0161\u0101m vilino\u0161i intri\u0123\u0113jo\u0161u viskiju. T\u0101 arom\u0101ts un gar\u0161a sniedz viegli d\u016bmakainu noska\u0146u, kuru p\u0101r\u0146em Glenfiddich rakstur\u012bg\u0101 bumbieru un \u0101bolu aug\u013cain\u0101 gar\u0161a, kas papildin\u0101ta ar ugunskur\u0101 cepta zef\u012bra not\u012bm.<\/p>\n","protected":false},"excerpt":{"rendered":"<p>Glenfiddich Eksperiment\u0101l\u0101 S\u0113rija papla\u0161ina viskija kategorijas robe\u017eas un izaicina trad\u012bcijas. FIRE &amp; CANE viena iesala viskij\u0101 apvienoti gan k\u016bdroti, gan bez k\u016bdras kl\u0101tb\u016btnes pagatavoti Glenfiddich viskija spirti, kuru briedin\u0101\u0161ana pabeigta...<\/p>\n","protected":false},"featured_media":2345,"template":"","meta":[],"product_cat":[297],"product_tag":[],"acf":[],"_links":{"self":[{"href":"https:\/\/amberdistribution.lv\/lv\/wp-json\/wp\/v2\/product\/2361"}],"collection":[{"href":"https:\/\/amberdistribution.lv\/lv\/wp-json\/wp\/v2\/product"}],"about":[{"href":"https:\/\/amberdistribution.lv\/lv\/wp-json\/wp\/v2\/types\/product"}],"wp:featuredmedia":[{"embeddable":true,"href":"https:\/\/amberdistribution.lv\/lv\/wp-json\/wp\/v2\/media\/2345"}],"wp:attachment":[{"href":"https:\/\/amberdistribution.lv\/lv\/wp-json\/wp\/v2\/media?parent=2361"}],"wp:term":[{"taxonomy":"product_cat","embeddable":true,"href":"https:\/\/amberdistribution.lv\/lv\/wp-json\/wp\/v2\/product_cat?post=2361"},{"taxonomy":"product_tag","embeddable":true,"href":"https:\/\/amberdistribution.lv\/lv\/wp-json\/wp\/v2\/product_tag?post=2361"}],"curies":[{"name":"wp","href":"https:\/\/api.w.org\/{rel}","templated":true}]}}