{"id":2362,"date":"2022-04-12T09:19:49","date_gmt":"2022-04-12T09:19:49","guid":{"rendered":"https:\/\/amberdistribution.lv\/?post_type=product&#038;p=2362"},"modified":"2022-04-12T09:19:50","modified_gmt":"2022-04-12T09:19:50","slug":"glenfiddich-ipa","status":"publish","type":"product","link":"https:\/\/amberdistribution.lv\/lv\/product\/glenfiddich-ipa\/","title":{"rendered":"Glenfiddich IPA"},"content":{"rendered":"<p>Pirmais skotu Single Malt viskijs, kura briedin\u0101\u0161ana nosl\u0113gusies IPA muc\u0101s. Viskijs ir pies\u0101tin\u0101t\u0101 zelta kr\u0101s\u0101. Svaigu, za\u013co \u0101bolu, bumbieru un pavasara ziedu arom\u0101tu harmonijai pievienojas api\u0146u un svaigas z\u0101les arom\u0101ts. Izteikta gar\u0161a ar pikant\u0101m citrusa not\u012bm, kur\u0101 j\u016btama vani\u013ca un svaigi api\u0146i.<\/p>\n","protected":false},"excerpt":{"rendered":"<p>Kop\u0161 2000.gada Glenfiddich ir visvair\u0101k apbalvotais viena iesala skotu viskijs divos pasaules vispresti\u017e\u0101kajos konkursos: \"The International Wine &amp; Spirit Competition\" un \"The International Spirits Challenge\".<\/p>\n","protected":false},"featured_media":2347,"template":"","meta":[],"product_cat":[297],"product_tag":[],"acf":[],"_links":{"self":[{"href":"https:\/\/amberdistribution.lv\/lv\/wp-json\/wp\/v2\/product\/2362"}],"collection":[{"href":"https:\/\/amberdistribution.lv\/lv\/wp-json\/wp\/v2\/product"}],"about":[{"href":"https:\/\/amberdistribution.lv\/lv\/wp-json\/wp\/v2\/types\/product"}],"wp:featuredmedia":[{"embeddable":true,"href":"https:\/\/amberdistribution.lv\/lv\/wp-json\/wp\/v2\/media\/2347"}],"wp:attachment":[{"href":"https:\/\/amberdistribution.lv\/lv\/wp-json\/wp\/v2\/media?parent=2362"}],"wp:term":[{"taxonomy":"product_cat","embeddable":true,"href":"https:\/\/amberdistribution.lv\/lv\/wp-json\/wp\/v2\/product_cat?post=2362"},{"taxonomy":"product_tag","embeddable":true,"href":"https:\/\/amberdistribution.lv\/lv\/wp-json\/wp\/v2\/product_tag?post=2362"}],"curies":[{"name":"wp","href":"https:\/\/api.w.org\/{rel}","templated":true}]}}