{"id":2363,"date":"2022-04-12T09:22:28","date_gmt":"2022-04-12T09:22:28","guid":{"rendered":"https:\/\/amberdistribution.lv\/?post_type=product&#038;p=2363"},"modified":"2023-02-23T10:48:08","modified_gmt":"2023-02-23T10:48:08","slug":"glenfiddich-malt-21yo-gift-box","status":"publish","type":"product","link":"https:\/\/amberdistribution.lv\/lv\/product\/glenfiddich-malt-21yo-gift-box\/","title":{"rendered":"Glenfiddich 21 Year Old Single Malt"},"content":{"rendered":"<p>\u0160is neparastais viskijs Glenfiddich 21 Year Old Single malt viskijs savu p\u0113d\u0113jo briedumu g\u016bst \u012bpa\u0161\u0101s, meistaru izmekl\u0113t\u0101s burbona muc\u0101s, kas iepriek\u0161 tiku\u0161as izmantotas ar\u012b Kar\u012bbu ruma gatavin\u0101\u0161anai, kas \u0161o \u012bpa\u0161o viskiju bag\u0101tina ar bag\u0101t\u012bgu \u012brisa saldumu. Arom\u0101t\u0101 sp\u0113c\u012bgi saj\u016btamas v\u012b\u0123u un liegas nogatavoju\u0161os ban\u0101nu nianses, kam\u0113r gar\u0161\u0101 atrodamas sare\u017e\u0123\u012btas vani\u013cas \u012brisu notis, kas sajauku\u0161\u0101s ar lieg\u0101m gar\u0161vielu, silta ozolkoka un tikko jau\u0161am\u0101m d\u016bmu pieska\u0146\u0101m.<\/p>\n","protected":false},"excerpt":{"rendered":"<p>Apbalvojums \"BEST SCOTCH MALT WHISKY 21 YEARS OR OVER\" 2015.gada konkurs\u0101 International Spirits Challenge Awards. Apbalvojums \"MASTER AWARD\" 2015.gada konkurs\u0101 Scotch Whisky Masters.<\/p>\n","protected":false},"featured_media":2349,"template":"","meta":[],"product_cat":[297],"product_tag":[],"acf":[],"_links":{"self":[{"href":"https:\/\/amberdistribution.lv\/lv\/wp-json\/wp\/v2\/product\/2363"}],"collection":[{"href":"https:\/\/amberdistribution.lv\/lv\/wp-json\/wp\/v2\/product"}],"about":[{"href":"https:\/\/amberdistribution.lv\/lv\/wp-json\/wp\/v2\/types\/product"}],"wp:featuredmedia":[{"embeddable":true,"href":"https:\/\/amberdistribution.lv\/lv\/wp-json\/wp\/v2\/media\/2349"}],"wp:attachment":[{"href":"https:\/\/amberdistribution.lv\/lv\/wp-json\/wp\/v2\/media?parent=2363"}],"wp:term":[{"taxonomy":"product_cat","embeddable":true,"href":"https:\/\/amberdistribution.lv\/lv\/wp-json\/wp\/v2\/product_cat?post=2363"},{"taxonomy":"product_tag","embeddable":true,"href":"https:\/\/amberdistribution.lv\/lv\/wp-json\/wp\/v2\/product_tag?post=2363"}],"curies":[{"name":"wp","href":"https:\/\/api.w.org\/{rel}","templated":true}]}}