{"id":2365,"date":"2022-04-12T09:29:05","date_gmt":"2022-04-12T09:29:05","guid":{"rendered":"https:\/\/amberdistribution.lv\/?post_type=product&#038;p=2365"},"modified":"2022-04-12T09:29:05","modified_gmt":"2022-04-12T09:29:05","slug":"glenfiddich-xx","status":"publish","type":"product","link":"https:\/\/amberdistribution.lv\/lv\/product\/glenfiddich-xx\/","title":{"rendered":"Glenfiddich XX"},"content":{"rendered":"<p>20 pasaules lab\u0101ko Glenfiddich ekspertu rad\u012bts produkts. Viskija arom\u0101ts turpina klasisk\u0101s Glenfiddich trad\u012bcijas \u2013 tam piem\u012bt \u0101bolu un svaigu bumbieru notis un br\u012bni\u0161\u0137\u012bgs ozolkoka, vani\u013cas, cukura un lakricas no\u0161u l\u012bdzsvars. Gar\u0161a ir izsmalcin\u0101ta un sabalans\u0113ta ar koci\u0146konfek\u0161u saldumu un bag\u0101t\u012bg\u0101m ozolkoka vani\u013cas not\u012bm, kuras papildina grauzd\u0113tas mandeles un kan\u0113lis. Ilga p\u0113cgar\u0161a ar sald\u0101m ozolkoka not\u012bm.<\/p>\n","protected":false},"excerpt":{"rendered":"<p>Kop\u0161 2000.gada Glenfiddich ir visvair\u0101k apbalvotais viena iesala skotu viskijs divos pasaules vispresti\u017e\u0101kajos konkursos: \"The International Wine &amp; Spirit Competition\" un \"The International Spirits Challenge\".<\/p>\n","protected":false},"featured_media":2353,"template":"","meta":[],"product_cat":[297],"product_tag":[],"acf":[],"_links":{"self":[{"href":"https:\/\/amberdistribution.lv\/lv\/wp-json\/wp\/v2\/product\/2365"}],"collection":[{"href":"https:\/\/amberdistribution.lv\/lv\/wp-json\/wp\/v2\/product"}],"about":[{"href":"https:\/\/amberdistribution.lv\/lv\/wp-json\/wp\/v2\/types\/product"}],"wp:featuredmedia":[{"embeddable":true,"href":"https:\/\/amberdistribution.lv\/lv\/wp-json\/wp\/v2\/media\/2353"}],"wp:attachment":[{"href":"https:\/\/amberdistribution.lv\/lv\/wp-json\/wp\/v2\/media?parent=2365"}],"wp:term":[{"taxonomy":"product_cat","embeddable":true,"href":"https:\/\/amberdistribution.lv\/lv\/wp-json\/wp\/v2\/product_cat?post=2365"},{"taxonomy":"product_tag","embeddable":true,"href":"https:\/\/amberdistribution.lv\/lv\/wp-json\/wp\/v2\/product_tag?post=2365"}],"curies":[{"name":"wp","href":"https:\/\/api.w.org\/{rel}","templated":true}]}}