{"id":2373,"date":"2022-04-19T07:23:55","date_gmt":"2022-04-19T07:23:55","guid":{"rendered":"https:\/\/amberdistribution.lv\/?post_type=product&#038;p=2373"},"modified":"2024-12-10T10:45:02","modified_gmt":"2024-12-10T10:45:02","slug":"billecart-salmon-champagne-blanc-de-blancs-grand-cru","status":"publish","type":"product","link":"https:\/\/amberdistribution.lv\/lv\/product\/billecart-salmon-champagne-blanc-de-blancs-grand-cru\/","title":{"rendered":"Billecart-Salmon Le Blanc de Blancs Grand Cru"},"content":{"rendered":"<p>\u0160is ir lab\u0101kais piem\u0113rs \u0161ampanietim, kuru gatavo no Chardonnay v\u012bnog\u0101m. Tas apvieno sev\u012b lab\u0101kos Cote des Blancs Grand Cru re\u0123ionus - Chouilly ar t\u0101 smalkumu, Avize ar t\u0101 intensit\u0101ti un Mesnil-sur-Oger ar t\u0101 gar\u0161as ilgnotur\u012bbu. V\u012bns ir maigi zeltain\u0101 kr\u0101s\u0101, arom\u0101t\u0101 j\u016btamas miner\u0101lu un citrusu notis, kuras nosl\u0113dz balto ziedu arom\u0101ts. \u0160is v\u012bns sniegs patiesu baud\u012bjumu, apvienojot lab\u0101ko, ko sp\u0113j sniegt Chardonnay v\u012bnogas. Ieteicams k\u0101 aperit\u012bvs, lieliski sader\u0113s kop\u0101 ar izsmalcin\u0101tiem zivju \u0113dieniem un j\u016bras velt\u0113m.<\/p>\n","protected":false},"excerpt":{"rendered":"<p>\u0160is ir lab\u0101kais piem\u0113rs \u0161ampanietim, kuru gatavo no Chardonnay v\u012bnog\u0101m. Tas apvieno sev\u012b lab\u0101kos Cote des Blancs Grand Cru re\u0123ionus - Chouilly ar t\u0101 smalkumu, Avize ar t\u0101 intensit\u0101ti un...<\/p>\n","protected":false},"featured_media":2380,"template":"","meta":[],"product_cat":[417],"product_tag":[],"acf":[],"_links":{"self":[{"href":"https:\/\/amberdistribution.lv\/lv\/wp-json\/wp\/v2\/product\/2373"}],"collection":[{"href":"https:\/\/amberdistribution.lv\/lv\/wp-json\/wp\/v2\/product"}],"about":[{"href":"https:\/\/amberdistribution.lv\/lv\/wp-json\/wp\/v2\/types\/product"}],"wp:featuredmedia":[{"embeddable":true,"href":"https:\/\/amberdistribution.lv\/lv\/wp-json\/wp\/v2\/media\/2380"}],"wp:attachment":[{"href":"https:\/\/amberdistribution.lv\/lv\/wp-json\/wp\/v2\/media?parent=2373"}],"wp:term":[{"taxonomy":"product_cat","embeddable":true,"href":"https:\/\/amberdistribution.lv\/lv\/wp-json\/wp\/v2\/product_cat?post=2373"},{"taxonomy":"product_tag","embeddable":true,"href":"https:\/\/amberdistribution.lv\/lv\/wp-json\/wp\/v2\/product_tag?post=2373"}],"curies":[{"name":"wp","href":"https:\/\/api.w.org\/{rel}","templated":true}]}}