{"id":2436,"date":"2022-04-19T08:27:53","date_gmt":"2022-04-19T08:27:53","guid":{"rendered":"https:\/\/amberdistribution.lv\/?post_type=product&#038;p=2436"},"modified":"2022-04-19T08:28:07","modified_gmt":"2022-04-19T08:28:07","slug":"laurent-perrier-cuvee-rose-brut-constellation-metal-jacket","status":"publish","type":"product","link":"https:\/\/amberdistribution.lv\/lv\/product\/laurent-perrier-cuvee-rose-brut-constellation-metal-jacket\/","title":{"rendered":"Laurent Perrier Cuvee Rose Brut Constellation Metal Jacket"},"content":{"rendered":"<p>\u0160ampanietis gatavots no Pinot Noir, kas audz\u0113tas 10 skaist\u0101kajos \u0160ampa\u0146as d\u0101rzos Ambonnay, Bouzy, Louvois un Tours sor Marne, nogatavin\u0101ts ne maz\u0101k k\u0101 4 gadus.<br \/>\nRakstur\u012bgs la\u0161kr\u0101sas tonis, izsmalcin\u0101ti, svaigi, notur\u012bgi un t\u012bri zeme\u0146u, upe\u0146u, ave\u0146u, tum\u0161o \u0137ir\u0161u arom\u0101ti. Izmantojot iztur\u0113\u0161anu uz mizi\u0146\u0101m, \u0161ampanietis ieguvis \u0101rk\u0101rt\u0113ji ekspres\u012bvu gar\u0161as dzi\u013cumu un svaigumu, kas to padar\u012bjis par Rose \u0161ampanie\u0161u etalonu vis\u0101 pasaul\u0113. Izsmalcin\u0101ts aperit\u012bvs, lieliski sader\u0113s ar\u012b ar d\u016bmotiem ga\u013cas vai putna \u0113dieniem, asu \u0100zijas virtuvi, sarkano ogu desertiem. \u0160ampanietis pild\u012bts 17. gadsimta Henrija V laika stila pudel\u0113.<br \/>\nCuv\u00e9e Ros\u00e9 ir pirmais (1968) sausais roz\u0101 \u0161ampanietis un lab\u0101kais sav\u0101 kategorij\u0101.<br \/>\nZelta meda\u013ca - The Drinks Business, The Global Masters Ros\u00e9 2016<\/p>\n","protected":false},"excerpt":{"rendered":"<p>\u0160ampanietis gatavots no Pinot Noir, kas audz\u0113tas 10 skaist\u0101kajos \u0160ampa\u0146as d\u0101rzos Ambonnay, Bouzy, Louvois un Tours sor Marne, nogatavin\u0101ts ne maz\u0101k k\u0101 4 gadus. Rakstur\u012bgs la\u0161kr\u0101sas tonis, izsmalcin\u0101ti, svaigi, notur\u012bgi...<\/p>\n","protected":false},"featured_media":2425,"template":"","meta":[],"product_cat":[417],"product_tag":[],"acf":[],"_links":{"self":[{"href":"https:\/\/amberdistribution.lv\/lv\/wp-json\/wp\/v2\/product\/2436"}],"collection":[{"href":"https:\/\/amberdistribution.lv\/lv\/wp-json\/wp\/v2\/product"}],"about":[{"href":"https:\/\/amberdistribution.lv\/lv\/wp-json\/wp\/v2\/types\/product"}],"wp:featuredmedia":[{"embeddable":true,"href":"https:\/\/amberdistribution.lv\/lv\/wp-json\/wp\/v2\/media\/2425"}],"wp:attachment":[{"href":"https:\/\/amberdistribution.lv\/lv\/wp-json\/wp\/v2\/media?parent=2436"}],"wp:term":[{"taxonomy":"product_cat","embeddable":true,"href":"https:\/\/amberdistribution.lv\/lv\/wp-json\/wp\/v2\/product_cat?post=2436"},{"taxonomy":"product_tag","embeddable":true,"href":"https:\/\/amberdistribution.lv\/lv\/wp-json\/wp\/v2\/product_tag?post=2436"}],"curies":[{"name":"wp","href":"https:\/\/api.w.org\/{rel}","templated":true}]}}