{"id":2439,"date":"2022-04-19T10:45:32","date_gmt":"2022-04-19T10:45:32","guid":{"rendered":"https:\/\/amberdistribution.lv\/?post_type=product&#038;p=2439"},"modified":"2025-11-03T12:56:34","modified_gmt":"2025-11-03T12:56:34","slug":"laurent-perrier-la-cuvee-brut","status":"publish","type":"product","link":"https:\/\/amberdistribution.lv\/lv\/product\/laurent-perrier-la-cuvee-brut\/","title":{"rendered":"Laurent Perrier La Cuvee Brut"},"content":{"rendered":"<p>Gatavots no 55% Chardonnay, 35% Pinot Noir, 10% Meunier v\u012bnog\u0101m, kas audz\u0113tas vair\u0101k k\u0101 100 izcilos \u0160ampa\u0146as v\u012bna d\u0101rzos, pievienoti ap 30% reserva v\u012bni, \u0161ampanietis nogatavin\u0101ts ne maz\u0101k k\u0101 4 gadus.<br \/>\nRakstur\u012bgs gai\u0161i zeltains tonis, izsmalcin\u0101tas citrusu un balto ziedu notis, izcils l\u012bdzsvars starp svaigu un piln\u012bgu, kr\u0113m\u012bgu gar\u0161u, ilgsto\u0161a, eleganta p\u0113cgar\u0161a.<br \/>\nLielisks aperit\u012bvs, izcili sader ar j\u016bras velt\u0113m, putna ga\u013cu.<\/p>\n","protected":false},"excerpt":{"rendered":"<p>Gatavots no 55% Chardonnay, 35% Pinot Noir, 10% Meunier v\u012bnog\u0101m, kas audz\u0113tas vair\u0101k k\u0101 100 izcilos \u0160ampa\u0146as v\u012bna d\u0101rzos, pievienoti ap 30% reserva v\u012bni, \u0161ampanietis nogatavin\u0101ts ne maz\u0101k k\u0101 4...<\/p>\n","protected":false},"featured_media":7258,"template":"","meta":[],"product_cat":[417],"product_tag":[],"acf":[],"_links":{"self":[{"href":"https:\/\/amberdistribution.lv\/lv\/wp-json\/wp\/v2\/product\/2439"}],"collection":[{"href":"https:\/\/amberdistribution.lv\/lv\/wp-json\/wp\/v2\/product"}],"about":[{"href":"https:\/\/amberdistribution.lv\/lv\/wp-json\/wp\/v2\/types\/product"}],"wp:featuredmedia":[{"embeddable":true,"href":"https:\/\/amberdistribution.lv\/lv\/wp-json\/wp\/v2\/media\/7258"}],"wp:attachment":[{"href":"https:\/\/amberdistribution.lv\/lv\/wp-json\/wp\/v2\/media?parent=2439"}],"wp:term":[{"taxonomy":"product_cat","embeddable":true,"href":"https:\/\/amberdistribution.lv\/lv\/wp-json\/wp\/v2\/product_cat?post=2439"},{"taxonomy":"product_tag","embeddable":true,"href":"https:\/\/amberdistribution.lv\/lv\/wp-json\/wp\/v2\/product_tag?post=2439"}],"curies":[{"name":"wp","href":"https:\/\/api.w.org\/{rel}","templated":true}]}}