{"id":2443,"date":"2022-04-19T10:50:09","date_gmt":"2022-04-19T10:50:09","guid":{"rendered":"https:\/\/amberdistribution.lv\/?post_type=product&#038;p=2443"},"modified":"2022-04-19T10:50:10","modified_gmt":"2022-04-19T10:50:10","slug":"laurent-perrier-alexandra-grande-cuvee-rose-vintage-2004","status":"publish","type":"product","link":"https:\/\/amberdistribution.lv\/lv\/product\/laurent-perrier-alexandra-grande-cuvee-rose-vintage-2004\/","title":{"rendered":"Laurent- Perrier Alexandra Grande Cuvee Rose Vintage 2004"},"content":{"rendered":"<p>Kop\u0161 izlai\u0161anas tirg\u016b \u0161is cuvee gatavots tikai 7 reizes. 80% Pinot Noir un 20% Chardonnay tikai no presti\u017e\u0101kajiem\u00a0 Grand Crus - Ambon\u0113, Buz\u012b, Verzene- Pinot Noir, Avize, Kramo un Lemenilsuro\u017e\u0113- Chardonnay. Nogatavin\u0101ts 10 gadus.<\/p>\n<p>Maiga, \u013coti gai\u0161a roz\u0101 kr\u0101sa, notur\u012bgi un smalki burbul\u012b\u0161i. Bag\u0101t\u012bga me\u017ea zeme\u0146u un sarkano j\u0101\u0146ogu arom\u0101ta bu\u0137ete, ko nomaina cukurotu aug\u013cu notis. \u0160im elegantajam un izsmalcin\u0101tajam v\u012bnam ir ar\u012b izteikta mineralit\u0101tes nots, ilgsto\u0161a ogu p\u0113cgar\u0161u.<\/p>\n","protected":false},"excerpt":{"rendered":"<p>Kop\u0161 izlai\u0161anas tirg\u016b \u0161is cuvee gatavots tikai 7 reizes. 80% Pinot Noir un 20% Chardonnay tikai no presti\u017e\u0101kajiem\u00a0 Grand Crus - Ambon\u0113, Buz\u012b, Verzene- Pinot Noir, Avize, Kramo un Lemenilsuro\u017e\u0113-...<\/p>\n","protected":false},"featured_media":2427,"template":"","meta":[],"product_cat":[417],"product_tag":[],"acf":[],"_links":{"self":[{"href":"https:\/\/amberdistribution.lv\/lv\/wp-json\/wp\/v2\/product\/2443"}],"collection":[{"href":"https:\/\/amberdistribution.lv\/lv\/wp-json\/wp\/v2\/product"}],"about":[{"href":"https:\/\/amberdistribution.lv\/lv\/wp-json\/wp\/v2\/types\/product"}],"wp:featuredmedia":[{"embeddable":true,"href":"https:\/\/amberdistribution.lv\/lv\/wp-json\/wp\/v2\/media\/2427"}],"wp:attachment":[{"href":"https:\/\/amberdistribution.lv\/lv\/wp-json\/wp\/v2\/media?parent=2443"}],"wp:term":[{"taxonomy":"product_cat","embeddable":true,"href":"https:\/\/amberdistribution.lv\/lv\/wp-json\/wp\/v2\/product_cat?post=2443"},{"taxonomy":"product_tag","embeddable":true,"href":"https:\/\/amberdistribution.lv\/lv\/wp-json\/wp\/v2\/product_tag?post=2443"}],"curies":[{"name":"wp","href":"https:\/\/api.w.org\/{rel}","templated":true}]}}