{"id":2444,"date":"2022-04-19T10:52:38","date_gmt":"2022-04-19T10:52:38","guid":{"rendered":"https:\/\/amberdistribution.lv\/?post_type=product&#038;p=2444"},"modified":"2022-11-15T13:25:10","modified_gmt":"2022-11-15T13:25:10","slug":"laurent-perrier-ultra-brut-champagne","status":"publish","type":"product","link":"https:\/\/amberdistribution.lv\/lv\/product\/laurent-perrier-ultra-brut-champagne\/","title":{"rendered":"Laurent- Perrier Ultra Brut Champagne"},"content":{"rendered":"<p>Laurent-Perrier Ultra Brut ir \u0161ampanietis t\u0101 dabisk\u0101kaj\u0101 form\u0101. 1980. gad\u0101 Lor\u0101ns-Perj\u0113 no jauna ieviesa tradicion\u0101lo \u0161ampanie\u0161a j\u0113dzienu brut nature \u2014 \u0161ampanietis bez doz\u0101\u017eas, kas prasa iev\u0113rojamas zin\u0101\u0161anas v\u012bndar\u012b\u0161an\u0101. T\u0101 stils pat\u012bk arvien liel\u0101kam skaitam v\u012bna cien\u012bt\u0101ju, kuri atkl\u0101j daudz jaunu veidu, k\u0101 \u0113dienu savienot ar \u0161ampanieti.<\/p>\n<p>Ar gandr\u012bz vien\u0101d\u0101m Chardonnay un Pinot Noir da\u013c\u0101m Ultra Brut ir izgatavots tikai no v\u012bnog\u0101m no \u013coti nobriedu\u0161\u0101m ra\u017e\u0101m. Atlase ir stingra, lai nodro\u0161in\u0101tu, ka tiek izmantotas tikai v\u012bnogas ar augstu cukura l\u012bmeni un zemu sk\u0101bumu. Tas ir b\u016btiski, jo nav pievienota doz\u0101\u017ea.<\/p>\n<p>P\u0113c kr\u0101sas gai\u0161s, spilgti dzeltens ar smalk\u0101m lod\u012bt\u0113m. Arom\u0101ts intens\u012bvs ar citrusaug\u013cu un sausser\u017ea not\u012bm un unik\u0101lu miner\u0101lu komponentu, ko bie\u017ei piel\u012bdzina svaigai j\u016bras br\u012bzei. P\u0113c gar\u0161as p\u0101rsteidzo\u0161s dzi\u013cums un sp\u0113ks, ar t\u012br\u012bbu un gar\u0161as koncentr\u0101ciju. Apbr\u012bnojami labi sabalans\u0113ts un absol\u016bti sauss.<\/p>\n<p>\u013boti daudzpus\u012bgs \u0161ampanietis, Laurent-Perrier Ultra Brut lieliski sader ar visu, s\u0101kot no svaiga kazas siera l\u012bdz su\u0161i. Klasisk\u0101 un nep\u0101rsp\u0113jam\u0101 \u0113diena kombin\u0101cija ir ar auster\u0113m.<\/p>\n","protected":false},"excerpt":{"rendered":"<p>Laurent-Perrier Ultra Brut ir \u0161ampanietis t\u0101 dabisk\u0101kaj\u0101 form\u0101. 1980. gad\u0101 Lor\u0101ns-Perj\u0113 no jauna ieviesa tradicion\u0101lo \u0161ampanie\u0161a j\u0113dzienu brut nature \u2014 \u0161ampanietis bez doz\u0101\u017eas, kas prasa iev\u0113rojamas zin\u0101\u0161anas v\u012bndar\u012b\u0161an\u0101. T\u0101 stils...<\/p>\n","protected":false},"featured_media":2417,"template":"","meta":[],"product_cat":[417],"product_tag":[],"acf":[],"_links":{"self":[{"href":"https:\/\/amberdistribution.lv\/lv\/wp-json\/wp\/v2\/product\/2444"}],"collection":[{"href":"https:\/\/amberdistribution.lv\/lv\/wp-json\/wp\/v2\/product"}],"about":[{"href":"https:\/\/amberdistribution.lv\/lv\/wp-json\/wp\/v2\/types\/product"}],"wp:featuredmedia":[{"embeddable":true,"href":"https:\/\/amberdistribution.lv\/lv\/wp-json\/wp\/v2\/media\/2417"}],"wp:attachment":[{"href":"https:\/\/amberdistribution.lv\/lv\/wp-json\/wp\/v2\/media?parent=2444"}],"wp:term":[{"taxonomy":"product_cat","embeddable":true,"href":"https:\/\/amberdistribution.lv\/lv\/wp-json\/wp\/v2\/product_cat?post=2444"},{"taxonomy":"product_tag","embeddable":true,"href":"https:\/\/amberdistribution.lv\/lv\/wp-json\/wp\/v2\/product_tag?post=2444"}],"curies":[{"name":"wp","href":"https:\/\/api.w.org\/{rel}","templated":true}]}}