{"id":2503,"date":"2022-04-21T07:19:24","date_gmt":"2022-04-21T07:19:24","guid":{"rendered":"https:\/\/amberdistribution.lv\/?post_type=product&#038;p=2503"},"modified":"2022-04-21T07:19:24","modified_gmt":"2022-04-21T07:19:24","slug":"vittel-kids","status":"publish","type":"product","link":"https:\/\/amberdistribution.lv\/lv\/product\/vittel-kids\/","title":{"rendered":"Vittel Kids"},"content":{"rendered":"<p>Vittel ir dab\u012bgs augstas kvalit\u0101tes miner\u0101l\u016bdens \u00a0no Bonne Source avota, \u00a0Vog\u0113zu kalnu mas\u012bva dz\u012bl\u0113m Francij\u0101, kam rakstur\u012bgs \u00a0ide\u0101li sabalans\u0113ts miner\u0101ls\u0101\u013cu un mikroelementu saturs. Vittel pal\u012bdz organismam sa\u0146emt tam nepiecie\u0161am\u0101s vielas. 1,5 l Vittel nodro\u0161ina 15% no nepiecie\u0161am\u0101s kalcija dienas devas. Pateicoties izcilajai gar\u0161ai Vittel ir viens no popul\u0101r\u0101kajiem Francijas miner\u0101l\u016bde\u0146iem, past\u0101v\u012bgs Tour de France un Par\u012bzes maratona atbalst\u012bt\u0101js. Vittel \u00a0pasniedz vair\u0101k k\u0101 80% pasaules Michelin restor\u0101nos tie\u0161i t\u0101 izcil\u0101s sader\u012bbas d\u0113\u013c ar \u0113dienu.<\/p>\n","protected":false},"excerpt":{"rendered":"<p>Vittel ir dab\u012bgs augstas kvalit\u0101tes miner\u0101l\u016bdens \u00a0no Bonne Source avota, \u00a0Vog\u0113zu kalnu mas\u012bva dz\u012bl\u0113m Francij\u0101, kam rakstur\u012bgs \u00a0ide\u0101li sabalans\u0113ts miner\u0101ls\u0101\u013cu un mikroelementu saturs. Vittel pal\u012bdz organismam sa\u0146emt tam nepiecie\u0161am\u0101s vielas....<\/p>\n","protected":false},"featured_media":2493,"template":"","meta":[],"product_cat":[448],"product_tag":[],"acf":[],"_links":{"self":[{"href":"https:\/\/amberdistribution.lv\/lv\/wp-json\/wp\/v2\/product\/2503"}],"collection":[{"href":"https:\/\/amberdistribution.lv\/lv\/wp-json\/wp\/v2\/product"}],"about":[{"href":"https:\/\/amberdistribution.lv\/lv\/wp-json\/wp\/v2\/types\/product"}],"wp:featuredmedia":[{"embeddable":true,"href":"https:\/\/amberdistribution.lv\/lv\/wp-json\/wp\/v2\/media\/2493"}],"wp:attachment":[{"href":"https:\/\/amberdistribution.lv\/lv\/wp-json\/wp\/v2\/media?parent=2503"}],"wp:term":[{"taxonomy":"product_cat","embeddable":true,"href":"https:\/\/amberdistribution.lv\/lv\/wp-json\/wp\/v2\/product_cat?post=2503"},{"taxonomy":"product_tag","embeddable":true,"href":"https:\/\/amberdistribution.lv\/lv\/wp-json\/wp\/v2\/product_tag?post=2503"}],"curies":[{"name":"wp","href":"https:\/\/api.w.org\/{rel}","templated":true}]}}