{"id":2639,"date":"2022-04-25T07:17:03","date_gmt":"2022-04-25T07:17:03","guid":{"rendered":"https:\/\/amberdistribution.lv\/?post_type=product&#038;p=2639"},"modified":"2022-05-03T07:18:25","modified_gmt":"2022-05-03T07:18:25","slug":"giffard-passion-fruit-syrup","status":"publish","type":"product","link":"https:\/\/amberdistribution.lv\/lv\/product\/giffard-passion-fruit-syrup\/","title":{"rendered":"Giffard Passion fruit syrup"},"content":{"rendered":"<p>Giffard s\u012brupi atbilst profesion\u0101lu b\u0101rme\u0146u pras\u012bb\u0101m. Pasteriz\u0113ti, lai saglab\u0101tu nemain\u012bgi augstu kvalit\u0101ti.<\/p>\n","protected":false},"excerpt":{"rendered":"<p>Giffard s\u012brupi atbilst profesion\u0101lu b\u0101rme\u0146u pras\u012bb\u0101m. Pasteriz\u0113ti, lai saglab\u0101tu nemain\u012bgi augstu kvalit\u0101ti.<\/p>\n","protected":false},"featured_media":2625,"template":"","meta":[],"product_cat":[452],"product_tag":[],"acf":[],"_links":{"self":[{"href":"https:\/\/amberdistribution.lv\/lv\/wp-json\/wp\/v2\/product\/2639"}],"collection":[{"href":"https:\/\/amberdistribution.lv\/lv\/wp-json\/wp\/v2\/product"}],"about":[{"href":"https:\/\/amberdistribution.lv\/lv\/wp-json\/wp\/v2\/types\/product"}],"wp:featuredmedia":[{"embeddable":true,"href":"https:\/\/amberdistribution.lv\/lv\/wp-json\/wp\/v2\/media\/2625"}],"wp:attachment":[{"href":"https:\/\/amberdistribution.lv\/lv\/wp-json\/wp\/v2\/media?parent=2639"}],"wp:term":[{"taxonomy":"product_cat","embeddable":true,"href":"https:\/\/amberdistribution.lv\/lv\/wp-json\/wp\/v2\/product_cat?post=2639"},{"taxonomy":"product_tag","embeddable":true,"href":"https:\/\/amberdistribution.lv\/lv\/wp-json\/wp\/v2\/product_tag?post=2639"}],"curies":[{"name":"wp","href":"https:\/\/api.w.org\/{rel}","templated":true}]}}