{"id":2641,"date":"2022-04-25T07:20:25","date_gmt":"2022-04-25T07:20:25","guid":{"rendered":"https:\/\/amberdistribution.lv\/?post_type=product&#038;p=2641"},"modified":"2022-05-03T06:46:20","modified_gmt":"2022-05-03T06:46:20","slug":"giffard-grenadine-syrup","status":"publish","type":"product","link":"https:\/\/amberdistribution.lv\/lv\/product\/giffard-grenadine-syrup\/","title":{"rendered":"Giffard Grenadine syrup"},"content":{"rendered":"<p>T\u012brs cukura b\u0101zes s\u012brups Giffard Grenadine, gatavots no koncentr\u0113tas sarkano aug\u013cu sulas. Nesatur konservantus. Giffard s\u012brupi atbilst profesion\u0101lu b\u0101rme\u0146u pras\u012bb\u0101m. Pasteriz\u0113ti, lai saglab\u0101tu nemain\u012bgi augstu kvalit\u0101ti.<\/p>\n","protected":false},"excerpt":{"rendered":"<p>T\u012brs cukura b\u0101zes s\u012brups Giffard Grenadine, gatavots no koncentr\u0113tas sarkano aug\u013cu sulas. Nesatur konservantus. Giffard s\u012brupi atbilst profesion\u0101lu b\u0101rme\u0146u pras\u012bb\u0101m. Pasteriz\u0113ti, lai saglab\u0101tu nemain\u012bgi augstu kvalit\u0101ti.<\/p>\n","protected":false},"featured_media":2629,"template":"","meta":[],"product_cat":[452],"product_tag":[],"acf":[],"_links":{"self":[{"href":"https:\/\/amberdistribution.lv\/lv\/wp-json\/wp\/v2\/product\/2641"}],"collection":[{"href":"https:\/\/amberdistribution.lv\/lv\/wp-json\/wp\/v2\/product"}],"about":[{"href":"https:\/\/amberdistribution.lv\/lv\/wp-json\/wp\/v2\/types\/product"}],"wp:featuredmedia":[{"embeddable":true,"href":"https:\/\/amberdistribution.lv\/lv\/wp-json\/wp\/v2\/media\/2629"}],"wp:attachment":[{"href":"https:\/\/amberdistribution.lv\/lv\/wp-json\/wp\/v2\/media?parent=2641"}],"wp:term":[{"taxonomy":"product_cat","embeddable":true,"href":"https:\/\/amberdistribution.lv\/lv\/wp-json\/wp\/v2\/product_cat?post=2641"},{"taxonomy":"product_tag","embeddable":true,"href":"https:\/\/amberdistribution.lv\/lv\/wp-json\/wp\/v2\/product_tag?post=2641"}],"curies":[{"name":"wp","href":"https:\/\/api.w.org\/{rel}","templated":true}]}}