{"id":2657,"date":"2022-04-25T07:42:41","date_gmt":"2022-04-25T07:42:41","guid":{"rendered":"https:\/\/amberdistribution.lv\/?post_type=product&#038;p=2657"},"modified":"2024-10-30T08:22:36","modified_gmt":"2024-10-30T08:22:36","slug":"cosmopolitan-diva-non-alcoholic","status":"publish","type":"product","link":"https:\/\/amberdistribution.lv\/lv\/product\/cosmopolitan-diva-non-alcoholic\/","title":{"rendered":"Cosmopolitan Diva non-alcoholic"},"content":{"rendered":"<p>Pat\u012bkami svaigs un atsvaidzino\u0161s dzirksto\u0161s dz\u0113riens, kas izgatavots no v\u012bnogu sulas, kombin\u0113jot novatorisku recepti ar lab\u0101kaj\u0101m trad\u012bcij\u0101m. Bezalkoholisk\u0101 Cosmopolitan Diva\u00ae rad\u012bta izmantojot t\u012bra zelta filtr\u0101cijas sist\u0113mu, t\u0101d\u0113j\u0101di ieg\u016bstot perfekti sabalans\u0113tu un izsmalcin\u0101tu gar\u0161u ar izsmalcin\u0101t\u0101m v\u012bnogu nians\u0113m.<\/p>\n","protected":false},"excerpt":{"rendered":"<p>Pat\u012bkami svaigs un atsvaidzino\u0161s dzirksto\u0161s dz\u0113riens, kas izgatavots no v\u012bnogu sulas, kombin\u0113jot novatorisku recepti ar lab\u0101kaj\u0101m trad\u012bcij\u0101m. Bezalkoholisk\u0101 Cosmopolitan Diva\u00ae rad\u012bta izmantojot t\u012bra zelta filtr\u0101cijas sist\u0113mu, t\u0101d\u0113j\u0101di ieg\u016bstot perfekti sabalans\u0113tu...<\/p>\n","protected":false},"featured_media":2658,"template":"","meta":[],"product_cat":[451],"product_tag":[],"acf":[],"_links":{"self":[{"href":"https:\/\/amberdistribution.lv\/lv\/wp-json\/wp\/v2\/product\/2657"}],"collection":[{"href":"https:\/\/amberdistribution.lv\/lv\/wp-json\/wp\/v2\/product"}],"about":[{"href":"https:\/\/amberdistribution.lv\/lv\/wp-json\/wp\/v2\/types\/product"}],"wp:featuredmedia":[{"embeddable":true,"href":"https:\/\/amberdistribution.lv\/lv\/wp-json\/wp\/v2\/media\/2658"}],"wp:attachment":[{"href":"https:\/\/amberdistribution.lv\/lv\/wp-json\/wp\/v2\/media?parent=2657"}],"wp:term":[{"taxonomy":"product_cat","embeddable":true,"href":"https:\/\/amberdistribution.lv\/lv\/wp-json\/wp\/v2\/product_cat?post=2657"},{"taxonomy":"product_tag","embeddable":true,"href":"https:\/\/amberdistribution.lv\/lv\/wp-json\/wp\/v2\/product_tag?post=2657"}],"curies":[{"name":"wp","href":"https:\/\/api.w.org\/{rel}","templated":true}]}}