{"id":2664,"date":"2022-04-25T07:58:20","date_gmt":"2022-04-25T07:58:20","guid":{"rendered":"https:\/\/amberdistribution.lv\/?post_type=product&#038;p=2664"},"modified":"2024-10-30T08:24:19","modified_gmt":"2024-10-30T08:24:19","slug":"bosca-rose-alcohol-free-semi-sweet","status":"publish","type":"product","link":"https:\/\/amberdistribution.lv\/lv\/product\/bosca-rose-alcohol-free-semi-sweet\/","title":{"rendered":"Bosca Rose Alcohol Free semi-sweet"},"content":{"rendered":"<p>Pussalds roz\u0101 aromatiz\u0113ts bezalkoholiskais dzirksto\u0161ais v\u012bns, izmantojot ori\u0123in\u0101lu Bosca S.p.A tehnolo\u0123iju.<\/p>\n<p>Rakstur\u012bga pat\u012bkama, atsvaidzino\u0161a gar\u0161a. Piem\u0113rots jebkur\u0101m svin\u012bb\u0101m.<\/p>\n<p>Ieteicams pasniegt atdzes\u0113tu no 5 l\u012bdz 8 \u00b0C.<\/p>\n","protected":false},"excerpt":{"rendered":"<p>Pussalds roz\u0101 aromatiz\u0113ts bezalkoholiskais dzirksto\u0161ais v\u012bns, izmantojot ori\u0123in\u0101lu Bosca S.p.A tehnolo\u0123iju. Rakstur\u012bga pat\u012bkama, atsvaidzino\u0161a gar\u0161a. Piem\u0113rots jebkur\u0101m svin\u012bb\u0101m. Ieteicams pasniegt atdzes\u0113tu no 5 l\u012bdz 8 \u00b0C.<\/p>\n","protected":false},"featured_media":2665,"template":"","meta":[],"product_cat":[1195],"product_tag":[],"acf":[],"_links":{"self":[{"href":"https:\/\/amberdistribution.lv\/lv\/wp-json\/wp\/v2\/product\/2664"}],"collection":[{"href":"https:\/\/amberdistribution.lv\/lv\/wp-json\/wp\/v2\/product"}],"about":[{"href":"https:\/\/amberdistribution.lv\/lv\/wp-json\/wp\/v2\/types\/product"}],"wp:featuredmedia":[{"embeddable":true,"href":"https:\/\/amberdistribution.lv\/lv\/wp-json\/wp\/v2\/media\/2665"}],"wp:attachment":[{"href":"https:\/\/amberdistribution.lv\/lv\/wp-json\/wp\/v2\/media?parent=2664"}],"wp:term":[{"taxonomy":"product_cat","embeddable":true,"href":"https:\/\/amberdistribution.lv\/lv\/wp-json\/wp\/v2\/product_cat?post=2664"},{"taxonomy":"product_tag","embeddable":true,"href":"https:\/\/amberdistribution.lv\/lv\/wp-json\/wp\/v2\/product_tag?post=2664"}],"curies":[{"name":"wp","href":"https:\/\/api.w.org\/{rel}","templated":true}]}}