{"id":2673,"date":"2022-04-25T08:08:36","date_gmt":"2022-04-25T08:08:36","guid":{"rendered":"https:\/\/amberdistribution.lv\/?post_type=product&#038;p=2673"},"modified":"2024-02-14T13:09:38","modified_gmt":"2024-02-14T13:09:38","slug":"apple-garden-dry-cider","status":"publish","type":"product","link":"https:\/\/amberdistribution.lv\/lv\/product\/apple-garden-dry-cider\/","title":{"rendered":"Apple Garden Dry cider"},"content":{"rendered":"<p>Apple Garden Dry cider tradicion\u0101lais sausais sidrs ar vieglu, atspirdzino\u0161u gar\u0161u un br\u012bni\u0161\u0137\u012bgu \u0101bolu arom\u0101tu. Sidrs pagatavots no 100% \u0101bolu sulas p\u0113c ori\u0123in\u0101las recept\u016bras. Burv\u012bgs dz\u0113riens, kas pie\u0161\u0137irs \u012bpa\u0161u noska\u0146u d\u0101rza sv\u0113tkiem siltos vasaras vakaros. Apple Garden sausais sidrs ir ar\u012b lielisks papildin\u0101jums jaukai laika pavad\u012b\u0161anai tuvu draugu komp\u0101nij\u0101.<\/p>\n","protected":false},"excerpt":{"rendered":"<p>Apple Garden Dry cider tradicion\u0101lais sausais sidrs ar vieglu, atspirdzino\u0161u gar\u0161u un br\u012bni\u0161\u0137\u012bgu \u0101bolu arom\u0101tu. Sidrs pagatavots no 100% \u0101bolu sulas p\u0113c ori\u0123in\u0101las recept\u016bras. Burv\u012bgs dz\u0113riens, kas pie\u0161\u0137irs \u012bpa\u0161u noska\u0146u...<\/p>\n","protected":false},"featured_media":2676,"template":"","meta":[],"product_cat":[436],"product_tag":[],"acf":[],"_links":{"self":[{"href":"https:\/\/amberdistribution.lv\/lv\/wp-json\/wp\/v2\/product\/2673"}],"collection":[{"href":"https:\/\/amberdistribution.lv\/lv\/wp-json\/wp\/v2\/product"}],"about":[{"href":"https:\/\/amberdistribution.lv\/lv\/wp-json\/wp\/v2\/types\/product"}],"wp:featuredmedia":[{"embeddable":true,"href":"https:\/\/amberdistribution.lv\/lv\/wp-json\/wp\/v2\/media\/2676"}],"wp:attachment":[{"href":"https:\/\/amberdistribution.lv\/lv\/wp-json\/wp\/v2\/media?parent=2673"}],"wp:term":[{"taxonomy":"product_cat","embeddable":true,"href":"https:\/\/amberdistribution.lv\/lv\/wp-json\/wp\/v2\/product_cat?post=2673"},{"taxonomy":"product_tag","embeddable":true,"href":"https:\/\/amberdistribution.lv\/lv\/wp-json\/wp\/v2\/product_tag?post=2673"}],"curies":[{"name":"wp","href":"https:\/\/api.w.org\/{rel}","templated":true}]}}