{"id":2732,"date":"2022-04-25T08:53:12","date_gmt":"2022-04-25T08:53:12","guid":{"rendered":"https:\/\/amberdistribution.lv\/?post_type=product&#038;p=2732"},"modified":"2022-05-03T08:01:47","modified_gmt":"2022-05-03T08:01:47","slug":"dins-gintonic","status":"publish","type":"product","link":"https:\/\/amberdistribution.lv\/lv\/product\/dins-gintonic\/","title":{"rendered":"Dins Gin&#038;Tonic"},"content":{"rendered":"<p>Dins Gin&amp;Tonic klasisks d\u017eintonika\u00a0 kokteilis, kur\u0101 apvienota eksploz\u012bva ener\u0123ija pat\u012bkams r\u016bgtums un tonikam rakstur\u012bgais atspirdzin\u0101jums.<\/p>\n","protected":false},"excerpt":{"rendered":"<p>Dins Gin&amp;Tonic klasisks d\u017eintonika\u00a0 kokteilis, kur\u0101 apvienota eksploz\u012bva ener\u0123ija pat\u012bkams r\u016bgtums un tonikam rakstur\u012bgais atspirdzin\u0101jums.<\/p>\n","protected":false},"featured_media":2720,"template":"","meta":[],"product_cat":[437],"product_tag":[],"acf":[],"_links":{"self":[{"href":"https:\/\/amberdistribution.lv\/lv\/wp-json\/wp\/v2\/product\/2732"}],"collection":[{"href":"https:\/\/amberdistribution.lv\/lv\/wp-json\/wp\/v2\/product"}],"about":[{"href":"https:\/\/amberdistribution.lv\/lv\/wp-json\/wp\/v2\/types\/product"}],"wp:featuredmedia":[{"embeddable":true,"href":"https:\/\/amberdistribution.lv\/lv\/wp-json\/wp\/v2\/media\/2720"}],"wp:attachment":[{"href":"https:\/\/amberdistribution.lv\/lv\/wp-json\/wp\/v2\/media?parent=2732"}],"wp:term":[{"taxonomy":"product_cat","embeddable":true,"href":"https:\/\/amberdistribution.lv\/lv\/wp-json\/wp\/v2\/product_cat?post=2732"},{"taxonomy":"product_tag","embeddable":true,"href":"https:\/\/amberdistribution.lv\/lv\/wp-json\/wp\/v2\/product_tag?post=2732"}],"curies":[{"name":"wp","href":"https:\/\/api.w.org\/{rel}","templated":true}]}}