{"id":2784,"date":"2022-04-25T11:06:37","date_gmt":"2022-04-25T11:06:37","guid":{"rendered":"https:\/\/amberdistribution.lv\/?post_type=product&#038;p=2784"},"modified":"2025-04-17T10:15:42","modified_gmt":"2025-04-17T10:15:42","slug":"moskovskaya-street","status":"publish","type":"product","link":"https:\/\/amberdistribution.lv\/lv\/product\/moskovskaya-street\/","title":{"rendered":"M Street"},"content":{"rendered":"<p>G\u0101z\u0113ts alkoholisks kokteilis Moskovskaya Street, kas ide\u0101l\u0101s proporcij\u0101s apvieno klasiskas un m\u016bsdien\u012bgas v\u0113rt\u012bbas - pasaulslaven\u0101 degv\u012bna\u00a0 Moskovskaya izcilo kvalit\u0101ti ar svaigu, izteiksm\u012bgu, pat\u012bkami sk\u0101benu citrona gar\u0161u un arom\u0101tu. Tas ir lielisks papildin\u0101jums atp\u016btai draugu lok\u0101 vai izklaidei naktsklub\u0101.<\/p>\n","protected":false},"excerpt":{"rendered":"<p>G\u0101z\u0113ts alkoholisks kokteilis Moskovskaya Street, kas ide\u0101l\u0101s proporcij\u0101s apvieno klasiskas un m\u016bsdien\u012bgas v\u0113rt\u012bbas - pasaulslaven\u0101 degv\u012bna\u00a0 Moskovskaya izcilo kvalit\u0101ti ar svaigu, izteiksm\u012bgu, pat\u012bkami sk\u0101benu citrona gar\u0161u un arom\u0101tu. Tas ir...<\/p>\n","protected":false},"featured_media":7039,"template":"","meta":[],"product_cat":[437],"product_tag":[],"acf":[],"_links":{"self":[{"href":"https:\/\/amberdistribution.lv\/lv\/wp-json\/wp\/v2\/product\/2784"}],"collection":[{"href":"https:\/\/amberdistribution.lv\/lv\/wp-json\/wp\/v2\/product"}],"about":[{"href":"https:\/\/amberdistribution.lv\/lv\/wp-json\/wp\/v2\/types\/product"}],"wp:featuredmedia":[{"embeddable":true,"href":"https:\/\/amberdistribution.lv\/lv\/wp-json\/wp\/v2\/media\/7039"}],"wp:attachment":[{"href":"https:\/\/amberdistribution.lv\/lv\/wp-json\/wp\/v2\/media?parent=2784"}],"wp:term":[{"taxonomy":"product_cat","embeddable":true,"href":"https:\/\/amberdistribution.lv\/lv\/wp-json\/wp\/v2\/product_cat?post=2784"},{"taxonomy":"product_tag","embeddable":true,"href":"https:\/\/amberdistribution.lv\/lv\/wp-json\/wp\/v2\/product_tag?post=2784"}],"curies":[{"name":"wp","href":"https:\/\/api.w.org\/{rel}","templated":true}]}}