{"id":2830,"date":"2022-04-25T11:47:37","date_gmt":"2022-04-25T11:47:37","guid":{"rendered":"https:\/\/amberdistribution.lv\/?post_type=product&#038;p=2830"},"modified":"2024-05-22T07:57:19","modified_gmt":"2024-05-22T07:57:19","slug":"lb-kokteilis-dzims-toniks-greipfruts","status":"publish","type":"product","link":"https:\/\/amberdistribution.lv\/lv\/product\/lb-kokteilis-dzims-toniks-greipfruts\/","title":{"rendered":"LB Kokteilis D\u017eims Toniks Greipfr\u016bts"},"content":{"rendered":"<p>Klasisks alkoholisks kokteilis, kur\u0101 izmantots kvalitat\u012bvs d\u017eins, kas apvienojum\u0101 ar toniku veido atspirdzino\u0161u un ener\u0123isku dz\u0113rienu.<\/p>\n","protected":false},"excerpt":{"rendered":"<p>Klasisks alkoholisks kokteilis, kur\u0101 izmantots kvalitat\u012bvs d\u017eins, kas apvienojum\u0101 ar toniku veido atspirdzino\u0161u un ener\u0123isku dz\u0113rienu.<\/p>\n","protected":false},"featured_media":2821,"template":"","meta":[],"product_cat":[437],"product_tag":[],"acf":[],"_links":{"self":[{"href":"https:\/\/amberdistribution.lv\/lv\/wp-json\/wp\/v2\/product\/2830"}],"collection":[{"href":"https:\/\/amberdistribution.lv\/lv\/wp-json\/wp\/v2\/product"}],"about":[{"href":"https:\/\/amberdistribution.lv\/lv\/wp-json\/wp\/v2\/types\/product"}],"wp:featuredmedia":[{"embeddable":true,"href":"https:\/\/amberdistribution.lv\/lv\/wp-json\/wp\/v2\/media\/2821"}],"wp:attachment":[{"href":"https:\/\/amberdistribution.lv\/lv\/wp-json\/wp\/v2\/media?parent=2830"}],"wp:term":[{"taxonomy":"product_cat","embeddable":true,"href":"https:\/\/amberdistribution.lv\/lv\/wp-json\/wp\/v2\/product_cat?post=2830"},{"taxonomy":"product_tag","embeddable":true,"href":"https:\/\/amberdistribution.lv\/lv\/wp-json\/wp\/v2\/product_tag?post=2830"}],"curies":[{"name":"wp","href":"https:\/\/api.w.org\/{rel}","templated":true}]}}