{"id":2834,"date":"2022-04-25T11:52:59","date_gmt":"2022-04-25T11:52:59","guid":{"rendered":"https:\/\/amberdistribution.lv\/?post_type=product&#038;p=2834"},"modified":"2022-05-03T08:00:05","modified_gmt":"2022-05-03T08:00:05","slug":"lb-kokteilis-kirsis","status":"publish","type":"product","link":"https:\/\/amberdistribution.lv\/lv\/product\/lb-kokteilis-kirsis\/","title":{"rendered":"LB Kokteilis \u0136irsis"},"content":{"rendered":"<p>G\u0101z\u0113ts alkoholisks kokteilis, kura pagatavo\u0161anai izmantots augstas kvalit\u0101tes degv\u012bns, kura t\u012br\u012bba un dzidrums tiek garant\u0113ti ar vair\u0101kk\u0101rt\u012bgas filtr\u0101cijas pal\u012bdz\u012bbu. Kokteil\u012b\u00a0harmoniski apvienoti degv\u012bna sp\u0113c\u012bg\u0101\u00a0gar\u0161a\u00a0ar sul\u012bgo \u0137ir\u0161u arom\u0101tu un gar\u0161u.<\/p>\n","protected":false},"excerpt":{"rendered":"<p>G\u0101z\u0113ts alkoholisks kokteilis, kura pagatavo\u0161anai izmantots augstas kvalit\u0101tes degv\u012bns, kura t\u012br\u012bba un dzidrums tiek garant\u0113ti ar vair\u0101kk\u0101rt\u012bgas filtr\u0101cijas pal\u012bdz\u012bbu. Kokteil\u012b\u00a0harmoniski apvienoti degv\u012bna sp\u0113c\u012bg\u0101\u00a0gar\u0161a\u00a0ar sul\u012bgo \u0137ir\u0161u arom\u0101tu un gar\u0161u.<\/p>\n","protected":false},"featured_media":2825,"template":"","meta":[],"product_cat":[437],"product_tag":[],"acf":[],"_links":{"self":[{"href":"https:\/\/amberdistribution.lv\/lv\/wp-json\/wp\/v2\/product\/2834"}],"collection":[{"href":"https:\/\/amberdistribution.lv\/lv\/wp-json\/wp\/v2\/product"}],"about":[{"href":"https:\/\/amberdistribution.lv\/lv\/wp-json\/wp\/v2\/types\/product"}],"wp:featuredmedia":[{"embeddable":true,"href":"https:\/\/amberdistribution.lv\/lv\/wp-json\/wp\/v2\/media\/2825"}],"wp:attachment":[{"href":"https:\/\/amberdistribution.lv\/lv\/wp-json\/wp\/v2\/media?parent=2834"}],"wp:term":[{"taxonomy":"product_cat","embeddable":true,"href":"https:\/\/amberdistribution.lv\/lv\/wp-json\/wp\/v2\/product_cat?post=2834"},{"taxonomy":"product_tag","embeddable":true,"href":"https:\/\/amberdistribution.lv\/lv\/wp-json\/wp\/v2\/product_tag?post=2834"}],"curies":[{"name":"wp","href":"https:\/\/api.w.org\/{rel}","templated":true}]}}