{"id":2837,"date":"2022-04-25T11:57:09","date_gmt":"2022-04-25T11:57:09","guid":{"rendered":"https:\/\/amberdistribution.lv\/?post_type=product&#038;p=2837"},"modified":"2022-05-03T07:48:44","modified_gmt":"2022-05-03T07:48:44","slug":"lb-kokteilis-margarita","status":"publish","type":"product","link":"https:\/\/amberdistribution.lv\/lv\/product\/lb-kokteilis-margarita\/","title":{"rendered":"LB Kokteilis Margarita"},"content":{"rendered":"<p>Klasisks kokteilis, kura pamat\u0101 ir tekilai rakstur\u012bg\u0101 agaves gar\u0161a un atsvaidzino\u0161ais citrona arom\u0101ts.<\/p>\n","protected":false},"excerpt":{"rendered":"<p>Klasisks kokteilis, kura pamat\u0101 ir tekilai rakstur\u012bg\u0101 agaves gar\u0161a un atsvaidzino\u0161ais citrona arom\u0101ts.<\/p>\n","protected":false},"featured_media":2813,"template":"","meta":[],"product_cat":[437],"product_tag":[],"acf":[],"_links":{"self":[{"href":"https:\/\/amberdistribution.lv\/lv\/wp-json\/wp\/v2\/product\/2837"}],"collection":[{"href":"https:\/\/amberdistribution.lv\/lv\/wp-json\/wp\/v2\/product"}],"about":[{"href":"https:\/\/amberdistribution.lv\/lv\/wp-json\/wp\/v2\/types\/product"}],"wp:featuredmedia":[{"embeddable":true,"href":"https:\/\/amberdistribution.lv\/lv\/wp-json\/wp\/v2\/media\/2813"}],"wp:attachment":[{"href":"https:\/\/amberdistribution.lv\/lv\/wp-json\/wp\/v2\/media?parent=2837"}],"wp:term":[{"taxonomy":"product_cat","embeddable":true,"href":"https:\/\/amberdistribution.lv\/lv\/wp-json\/wp\/v2\/product_cat?post=2837"},{"taxonomy":"product_tag","embeddable":true,"href":"https:\/\/amberdistribution.lv\/lv\/wp-json\/wp\/v2\/product_tag?post=2837"}],"curies":[{"name":"wp","href":"https:\/\/api.w.org\/{rel}","templated":true}]}}