{"id":2865,"date":"2022-04-25T12:25:36","date_gmt":"2022-04-25T12:25:36","guid":{"rendered":"https:\/\/amberdistribution.lv\/?post_type=product&#038;p=2865"},"modified":"2023-01-16T09:29:20","modified_gmt":"2023-01-16T09:29:20","slug":"rigas-sampanietis-bruts","status":"publish","type":"product","link":"https:\/\/amberdistribution.lv\/lv\/product\/rigas-sampanietis-bruts\/","title":{"rendered":"R\u012bgas \u0160ampanietis Bruts"},"content":{"rendered":"<p>Dzirksto\u0161ais v\u012bns \u201cR\u012aGAS \u0161ampanietis\u201d pagatavots p\u0113c \u201cCharmat\u201d nep\u0101rtraukt\u0101s raudz\u0113\u0161anas metodes. Dzirksto\u0161ais v\u012bns \u201cR\u012aGAS \u0161ampanietis\u201d Bruts ir piel\u012bdzin\u0101ms pasaules klases brutu pied\u0101v\u0101jumam un lieliski iet kop\u0101 ar siera plat\u0113m un k\u0101 aperit\u012bvs pirms \u0113diena.<\/p>\n","protected":false},"excerpt":{"rendered":"<p>Dzirksto\u0161ais v\u012bns \u201cR\u012aGAS \u0161ampanietis\u201d pagatavots p\u0113c \u201cCharmat\u201d nep\u0101rtraukt\u0101s raudz\u0113\u0161anas metodes. Dzirksto\u0161ais v\u012bns \u201cR\u012aGAS \u0161ampanietis\u201d Bruts ir piel\u012bdzin\u0101ms pasaules klases brutu pied\u0101v\u0101jumam un lieliski iet kop\u0101 ar siera plat\u0113m un k\u0101...<\/p>\n","protected":false},"featured_media":2849,"template":"","meta":[],"product_cat":[416],"product_tag":[],"acf":[],"_links":{"self":[{"href":"https:\/\/amberdistribution.lv\/lv\/wp-json\/wp\/v2\/product\/2865"}],"collection":[{"href":"https:\/\/amberdistribution.lv\/lv\/wp-json\/wp\/v2\/product"}],"about":[{"href":"https:\/\/amberdistribution.lv\/lv\/wp-json\/wp\/v2\/types\/product"}],"wp:featuredmedia":[{"embeddable":true,"href":"https:\/\/amberdistribution.lv\/lv\/wp-json\/wp\/v2\/media\/2849"}],"wp:attachment":[{"href":"https:\/\/amberdistribution.lv\/lv\/wp-json\/wp\/v2\/media?parent=2865"}],"wp:term":[{"taxonomy":"product_cat","embeddable":true,"href":"https:\/\/amberdistribution.lv\/lv\/wp-json\/wp\/v2\/product_cat?post=2865"},{"taxonomy":"product_tag","embeddable":true,"href":"https:\/\/amberdistribution.lv\/lv\/wp-json\/wp\/v2\/product_tag?post=2865"}],"curies":[{"name":"wp","href":"https:\/\/api.w.org\/{rel}","templated":true}]}}