{"id":2871,"date":"2022-04-25T12:34:30","date_gmt":"2022-04-25T12:34:30","guid":{"rendered":"https:\/\/amberdistribution.lv\/?post_type=product&#038;p=2871"},"modified":"2023-11-08T11:46:23","modified_gmt":"2023-11-08T11:46:23","slug":"rigas-sampanietis-originalais","status":"publish","type":"product","link":"https:\/\/amberdistribution.lv\/lv\/product\/rigas-sampanietis-originalais\/","title":{"rendered":"R\u012bgas \u0160ampanietis Ori\u0123in\u0101lais"},"content":{"rendered":"<p>Pats popul\u0101r\u0101kais un pirkt\u0101kais dzirksto\u0161ais v\u012bns Latvij\u0101! Dzirksto\u0161ais v\u012bns \"R\u012aGAS \u0161ampanietis\" pagatavots p\u0113c \u201cCharmat\u201d nep\u0101rtraukt\u0101s raudz\u0113\u0161anas metodes. Daudzu gadu garum\u0101 dzirksto\u0161\u0101 v\u012bna \"R\u012aGAS \u0161ampanietis\" gar\u0161as \u012bpa\u0161\u012bbas un augst\u0101 kvalit\u0101te atzin\u012bgi nov\u0113rt\u0113tas da\u017e\u0101dos starptautiskos degust\u0101cijas konkursos, kur \u0161is dzirksto\u0161ais v\u012bns sa\u0146\u0113mis vair\u0101k nek\u0101 40 apbalvojumu. Dzirksto\u0161ais v\u012bns \"R\u012aGAS \u0161ampanietis\" ir ar\u012b viens no produktiem - simboliem, kurus t\u016bristi var nopirkt k\u0101 Latvijas suven\u012bru un aizvest m\u0101j\u0101s.<\/p>\n","protected":false},"excerpt":{"rendered":"<p>Pats popul\u0101r\u0101kais un pirkt\u0101kais dzirksto\u0161ais v\u012bns Latvij\u0101! Dzirksto\u0161ais v\u012bns \"R\u012aGAS \u0161ampanietis\" pagatavots p\u0113c \u201cCharmat\u201d nep\u0101rtraukt\u0101s raudz\u0113\u0161anas metodes. Daudzu gadu garum\u0101 dzirksto\u0161\u0101 v\u012bna \"R\u012aGAS \u0161ampanietis\" gar\u0161as \u012bpa\u0161\u012bbas un augst\u0101 kvalit\u0101te atzin\u012bgi...<\/p>\n","protected":false},"featured_media":6131,"template":"","meta":[],"product_cat":[416],"product_tag":[],"acf":[],"_links":{"self":[{"href":"https:\/\/amberdistribution.lv\/lv\/wp-json\/wp\/v2\/product\/2871"}],"collection":[{"href":"https:\/\/amberdistribution.lv\/lv\/wp-json\/wp\/v2\/product"}],"about":[{"href":"https:\/\/amberdistribution.lv\/lv\/wp-json\/wp\/v2\/types\/product"}],"wp:featuredmedia":[{"embeddable":true,"href":"https:\/\/amberdistribution.lv\/lv\/wp-json\/wp\/v2\/media\/6131"}],"wp:attachment":[{"href":"https:\/\/amberdistribution.lv\/lv\/wp-json\/wp\/v2\/media?parent=2871"}],"wp:term":[{"taxonomy":"product_cat","embeddable":true,"href":"https:\/\/amberdistribution.lv\/lv\/wp-json\/wp\/v2\/product_cat?post=2871"},{"taxonomy":"product_tag","embeddable":true,"href":"https:\/\/amberdistribution.lv\/lv\/wp-json\/wp\/v2\/product_tag?post=2871"}],"curies":[{"name":"wp","href":"https:\/\/api.w.org\/{rel}","templated":true}]}}