{"id":2879,"date":"2022-04-25T12:47:32","date_gmt":"2022-04-25T12:47:32","guid":{"rendered":"https:\/\/amberdistribution.lv\/?post_type=product&#038;p=2879"},"modified":"2023-11-08T11:46:17","modified_gmt":"2023-11-08T11:46:17","slug":"rigas-sampanietis-pussausais","status":"publish","type":"product","link":"https:\/\/amberdistribution.lv\/lv\/product\/rigas-sampanietis-pussausais\/","title":{"rendered":"R\u012bgas \u0160ampanietis Pussausais"},"content":{"rendered":"<p>Dzirksto\u0161ais v\u012bns \u201cR\u012aGAS \u0161ampanietis\u201d pagatavots p\u0113c \u201cCharmat\u201d nep\u0101rtraukt\u0101s raudz\u0113\u0161anas metodes. Ja dzirksto\u0161o v\u012bnu \u201cR\u012aGAS \u0161ampanietis\u201d pussauso sal\u012bdzin\u0101tu ar brutu, tad pussausais ir nedaudz maig\u0101ks, bet joproj\u0101m pussausais dzirksto\u0161ais v\u012bns, kas labi ies kop\u0101 ar zivju \u0113dieniem un sal\u0101tiem.<\/p>\n","protected":false},"excerpt":{"rendered":"<p>Dzirksto\u0161ais v\u012bns \u201cR\u012aGAS \u0161ampanietis\u201d pagatavots p\u0113c \u201cCharmat\u201d nep\u0101rtraukt\u0101s raudz\u0113\u0161anas metodes. Ja dzirksto\u0161o v\u012bnu \u201cR\u012aGAS \u0161ampanietis\u201d pussauso sal\u012bdzin\u0101tu ar brutu, tad pussausais ir nedaudz maig\u0101ks, bet joproj\u0101m pussausais dzirksto\u0161ais v\u012bns, kas...<\/p>\n","protected":false},"featured_media":6133,"template":"","meta":[],"product_cat":[416],"product_tag":[],"acf":[],"_links":{"self":[{"href":"https:\/\/amberdistribution.lv\/lv\/wp-json\/wp\/v2\/product\/2879"}],"collection":[{"href":"https:\/\/amberdistribution.lv\/lv\/wp-json\/wp\/v2\/product"}],"about":[{"href":"https:\/\/amberdistribution.lv\/lv\/wp-json\/wp\/v2\/types\/product"}],"wp:featuredmedia":[{"embeddable":true,"href":"https:\/\/amberdistribution.lv\/lv\/wp-json\/wp\/v2\/media\/6133"}],"wp:attachment":[{"href":"https:\/\/amberdistribution.lv\/lv\/wp-json\/wp\/v2\/media?parent=2879"}],"wp:term":[{"taxonomy":"product_cat","embeddable":true,"href":"https:\/\/amberdistribution.lv\/lv\/wp-json\/wp\/v2\/product_cat?post=2879"},{"taxonomy":"product_tag","embeddable":true,"href":"https:\/\/amberdistribution.lv\/lv\/wp-json\/wp\/v2\/product_tag?post=2879"}],"curies":[{"name":"wp","href":"https:\/\/api.w.org\/{rel}","templated":true}]}}