{"id":2887,"date":"2022-04-25T12:56:56","date_gmt":"2022-04-25T12:56:56","guid":{"rendered":"https:\/\/amberdistribution.lv\/?post_type=product&#038;p=2887"},"modified":"2022-05-03T07:16:40","modified_gmt":"2022-05-03T07:16:40","slug":"rigas-sampanietis-saldais-muskats","status":"publish","type":"product","link":"https:\/\/amberdistribution.lv\/lv\/product\/rigas-sampanietis-saldais-muskats\/","title":{"rendered":"R\u012bgas \u0160ampanietis Saldais Muskats"},"content":{"rendered":"<p>Dzirksto\u0161ais v\u012bns \u201cR\u012aGAS \u0161ampanietis\u201d pagatavots p\u0113c \u201cCharmat\u201d nep\u0101rtraukt\u0101s raudz\u0113\u0161anas metodes. Dzirksto\u0161ais v\u012bns \u201cR\u012aGAS \u0161ampanietis\u201d saldais, k\u0101 jau nosaukums to liecina, ir vissald\u0101kais no z\u012bmola dzirksto\u0161ajiem v\u012bniem. Tas veidots, izmantojot muskata v\u012bnu, un ir lieliska piedeva desertiem, turkl\u0101t tam ir \u013coti svaigs ziedu arom\u0101ts.<\/p>\n","protected":false},"excerpt":{"rendered":"<p>Dzirksto\u0161ais v\u012bns \u201cR\u012aGAS \u0161ampanietis\u201d pagatavots p\u0113c \u201cCharmat\u201d nep\u0101rtraukt\u0101s raudz\u0113\u0161anas metodes. Dzirksto\u0161ais v\u012bns \u201cR\u012aGAS \u0161ampanietis\u201d saldais, k\u0101 jau nosaukums to liecina, ir vissald\u0101kais no z\u012bmola dzirksto\u0161ajiem v\u012bniem. Tas veidots, izmantojot muskata...<\/p>\n","protected":false},"featured_media":2845,"template":"","meta":[],"product_cat":[416],"product_tag":[],"acf":[],"_links":{"self":[{"href":"https:\/\/amberdistribution.lv\/lv\/wp-json\/wp\/v2\/product\/2887"}],"collection":[{"href":"https:\/\/amberdistribution.lv\/lv\/wp-json\/wp\/v2\/product"}],"about":[{"href":"https:\/\/amberdistribution.lv\/lv\/wp-json\/wp\/v2\/types\/product"}],"wp:featuredmedia":[{"embeddable":true,"href":"https:\/\/amberdistribution.lv\/lv\/wp-json\/wp\/v2\/media\/2845"}],"wp:attachment":[{"href":"https:\/\/amberdistribution.lv\/lv\/wp-json\/wp\/v2\/media?parent=2887"}],"wp:term":[{"taxonomy":"product_cat","embeddable":true,"href":"https:\/\/amberdistribution.lv\/lv\/wp-json\/wp\/v2\/product_cat?post=2887"},{"taxonomy":"product_tag","embeddable":true,"href":"https:\/\/amberdistribution.lv\/lv\/wp-json\/wp\/v2\/product_tag?post=2887"}],"curies":[{"name":"wp","href":"https:\/\/api.w.org\/{rel}","templated":true}]}}