{"id":2890,"date":"2022-04-25T13:06:01","date_gmt":"2022-04-25T13:06:01","guid":{"rendered":"https:\/\/amberdistribution.lv\/?post_type=product&#038;p=2890"},"modified":"2024-01-16T11:10:13","modified_gmt":"2024-01-16T11:10:13","slug":"rigas-prestige-cuvee-brut","status":"publish","type":"product","link":"https:\/\/amberdistribution.lv\/lv\/product\/rigas-prestige-cuvee-brut\/","title":{"rendered":"R\u012bgas Prestige Cuv\u00e9e Brut"},"content":{"rendered":"<p>Izcilas kvalit\u0101tes dzirksto\u0161ais v\u012bns ar bag\u0101tu gar\u0161as un arom\u0101ta bu\u0137eti, izgatavots no augstv\u0113rt\u012bga Sp\u0101nijas Sauvignon Blanc v\u012bna. \u0160is dzirksto\u0161ais v\u012bns lietojams gan k\u0101 aperit\u012bvs, gan b\u016bs lielisks kompanjons pie viegliem sal\u0101tiem un j\u016bras velt\u0113m.<\/p>\n","protected":false},"excerpt":{"rendered":"<p>Izcilas kvalit\u0101tes dzirksto\u0161ais v\u012bns ar bag\u0101tu gar\u0161as un arom\u0101ta bu\u0137eti, izgatavots no augstv\u0113rt\u012bga Sp\u0101nijas Sauvignon Blanc v\u012bna. \u0160is dzirksto\u0161ais v\u012bns lietojams gan k\u0101 aperit\u012bvs, gan b\u016bs lielisks kompanjons pie viegliem...<\/p>\n","protected":false},"featured_media":2899,"template":"","meta":[],"product_cat":[416],"product_tag":[],"acf":[],"_links":{"self":[{"href":"https:\/\/amberdistribution.lv\/lv\/wp-json\/wp\/v2\/product\/2890"}],"collection":[{"href":"https:\/\/amberdistribution.lv\/lv\/wp-json\/wp\/v2\/product"}],"about":[{"href":"https:\/\/amberdistribution.lv\/lv\/wp-json\/wp\/v2\/types\/product"}],"wp:featuredmedia":[{"embeddable":true,"href":"https:\/\/amberdistribution.lv\/lv\/wp-json\/wp\/v2\/media\/2899"}],"wp:attachment":[{"href":"https:\/\/amberdistribution.lv\/lv\/wp-json\/wp\/v2\/media?parent=2890"}],"wp:term":[{"taxonomy":"product_cat","embeddable":true,"href":"https:\/\/amberdistribution.lv\/lv\/wp-json\/wp\/v2\/product_cat?post=2890"},{"taxonomy":"product_tag","embeddable":true,"href":"https:\/\/amberdistribution.lv\/lv\/wp-json\/wp\/v2\/product_tag?post=2890"}],"curies":[{"name":"wp","href":"https:\/\/api.w.org\/{rel}","templated":true}]}}