{"id":2930,"date":"2022-04-25T13:23:23","date_gmt":"2022-04-25T13:23:23","guid":{"rendered":"https:\/\/amberdistribution.lv\/?post_type=product&#038;p=2930"},"modified":"2022-04-25T13:23:24","modified_gmt":"2022-04-25T13:23:24","slug":"bosca-anniversary-white","status":"publish","type":"product","link":"https:\/\/amberdistribution.lv\/lv\/product\/bosca-anniversary-white\/","title":{"rendered":"Bosca Anniversary White"},"content":{"rendered":"<p>Pussaldais dzirksto\u0161ais Bosca Anniversary White gatavots no kvalitat\u012bva baltv\u012bna, p\u0113c ori\u0123in\u0101las it\u0101lie\u0161u tehnolo\u0123ijas, kas izstr\u0101d\u0101ta Pjemont\u0101. Rakstur\u012bgs gai\u0161i zeltains tonis, maigi burbul\u012b\u0161i, viegla un atsvaidzino\u0161a gar\u0161a ar aug\u013cu arom\u0101tu. Ieteicams pasniegt atdzes\u0113tu k\u0101 aperit\u012bvu, ar sal\u0101tiem, neliel\u0101m uzkod\u0101m, aug\u013ciem un ne p\u0101r\u0101k saldiem desertiem.<\/p>\n","protected":false},"excerpt":{"rendered":"<p>Pussaldais dzirksto\u0161ais Bosca Anniversary White gatavots no kvalitat\u012bva baltv\u012bna, p\u0113c ori\u0123in\u0101las it\u0101lie\u0161u tehnolo\u0123ijas, kas izstr\u0101d\u0101ta Pjemont\u0101. Rakstur\u012bgs gai\u0161i zeltains tonis, maigi burbul\u012b\u0161i, viegla un atsvaidzino\u0161a gar\u0161a ar aug\u013cu arom\u0101tu. Ieteicams...<\/p>\n","protected":false},"featured_media":2915,"template":"","meta":[],"product_cat":[416],"product_tag":[],"acf":[],"_links":{"self":[{"href":"https:\/\/amberdistribution.lv\/lv\/wp-json\/wp\/v2\/product\/2930"}],"collection":[{"href":"https:\/\/amberdistribution.lv\/lv\/wp-json\/wp\/v2\/product"}],"about":[{"href":"https:\/\/amberdistribution.lv\/lv\/wp-json\/wp\/v2\/types\/product"}],"wp:featuredmedia":[{"embeddable":true,"href":"https:\/\/amberdistribution.lv\/lv\/wp-json\/wp\/v2\/media\/2915"}],"wp:attachment":[{"href":"https:\/\/amberdistribution.lv\/lv\/wp-json\/wp\/v2\/media?parent=2930"}],"wp:term":[{"taxonomy":"product_cat","embeddable":true,"href":"https:\/\/amberdistribution.lv\/lv\/wp-json\/wp\/v2\/product_cat?post=2930"},{"taxonomy":"product_tag","embeddable":true,"href":"https:\/\/amberdistribution.lv\/lv\/wp-json\/wp\/v2\/product_tag?post=2930"}],"curies":[{"name":"wp","href":"https:\/\/api.w.org\/{rel}","templated":true}]}}