{"id":2932,"date":"2022-04-25T13:34:41","date_gmt":"2022-04-25T13:34:41","guid":{"rendered":"https:\/\/amberdistribution.lv\/?post_type=product&#038;p=2932"},"modified":"2022-04-25T13:34:42","modified_gmt":"2022-04-25T13:34:42","slug":"bosca-la-cuvee-brut-nature-de-monsieur","status":"publish","type":"product","link":"https:\/\/amberdistribution.lv\/lv\/product\/bosca-la-cuvee-brut-nature-de-monsieur\/","title":{"rendered":"Bosca La Cuvee Brut Nature de Monsieur"},"content":{"rendered":"<p>Sausais dzirksto\u0161ais v\u012bns Bosca La Cuvee Brut Nature de Monsieur gatavots Asti re\u0123ion\u0101, Pjemont\u0113, prasm\u012bgi savienojot lab\u0101kos Moscato Bianco un Chardonnay v\u012bnus. Brut Nature gatavots nepievienojot papildus cukuru. Rakstur\u012bgas smalkas, skaistas burbul\u012b\u0161u virtenes, svaigs aug\u013cu arom\u0101ts, samtaina, eleganta gar\u0161a. Pudeles noform\u0113jums atspogu\u013co Pjemontes lab\u0101k\u0101s Savojas dinastijas laika trad\u012bcijas. Ide\u0101ls k\u0101 aperit\u012bvs, pie sal\u0101tiem, j\u016bras velt\u0113m, netreknas zivs, maigi sagatavotiem putna ga\u013cas \u0113dieniem.<\/p>\n","protected":false},"excerpt":{"rendered":"<p>Sausais dzirksto\u0161ais v\u012bns Bosca La Cuvee Brut Nature de Monsieur gatavots Asti re\u0123ion\u0101, Pjemont\u0113, prasm\u012bgi savienojot lab\u0101kos Moscato Bianco un Chardonnay v\u012bnus. Brut Nature gatavots nepievienojot papildus cukuru. Rakstur\u012bgas smalkas,...<\/p>\n","protected":false},"featured_media":2925,"template":"","meta":[],"product_cat":[416],"product_tag":[],"acf":[],"_links":{"self":[{"href":"https:\/\/amberdistribution.lv\/lv\/wp-json\/wp\/v2\/product\/2932"}],"collection":[{"href":"https:\/\/amberdistribution.lv\/lv\/wp-json\/wp\/v2\/product"}],"about":[{"href":"https:\/\/amberdistribution.lv\/lv\/wp-json\/wp\/v2\/types\/product"}],"wp:featuredmedia":[{"embeddable":true,"href":"https:\/\/amberdistribution.lv\/lv\/wp-json\/wp\/v2\/media\/2925"}],"wp:attachment":[{"href":"https:\/\/amberdistribution.lv\/lv\/wp-json\/wp\/v2\/media?parent=2932"}],"wp:term":[{"taxonomy":"product_cat","embeddable":true,"href":"https:\/\/amberdistribution.lv\/lv\/wp-json\/wp\/v2\/product_cat?post=2932"},{"taxonomy":"product_tag","embeddable":true,"href":"https:\/\/amberdistribution.lv\/lv\/wp-json\/wp\/v2\/product_tag?post=2932"}],"curies":[{"name":"wp","href":"https:\/\/api.w.org\/{rel}","templated":true}]}}