{"id":2933,"date":"2022-04-25T13:39:31","date_gmt":"2022-04-25T13:39:31","guid":{"rendered":"https:\/\/amberdistribution.lv\/?post_type=product&#038;p=2933"},"modified":"2022-04-25T13:39:32","modified_gmt":"2022-04-25T13:39:32","slug":"bosca-moscato","status":"publish","type":"product","link":"https:\/\/amberdistribution.lv\/lv\/product\/bosca-moscato\/","title":{"rendered":"Bosca Moscato"},"content":{"rendered":"<p>Pussaldais dzirksto\u0161ais Bosca Moscato gatavots no kvalitat\u012bva Moscato \u0161\u0137irnes baltv\u012bna, p\u0113c ori\u0123in\u0101las it\u0101lie\u0161u tehnolo\u0123ijas, kas izstr\u0101d\u0101ta Pjemont\u0101. Rakstur\u012bgs gai\u0161i zeltains tonis, maigi burbul\u012b\u0161i, bag\u0101t\u012bgi cukurotu aug\u013cu arom\u0101ti un atsvaidzino\u0161a gar\u0161a. Ieteicams pasniegt ar neliel\u0101m uzkod\u0101m, aug\u013ciem un desertiem.<\/p>\n","protected":false},"excerpt":{"rendered":"<p>Pussaldais dzirksto\u0161ais Bosca Moscato gatavots no kvalitat\u012bva Moscato \u0161\u0137irnes baltv\u012bna, p\u0113c ori\u0123in\u0101las it\u0101lie\u0161u tehnolo\u0123ijas, kas izstr\u0101d\u0101ta Pjemont\u0101. Rakstur\u012bgs gai\u0161i zeltains tonis, maigi burbul\u012b\u0161i, bag\u0101t\u012bgi cukurotu aug\u013cu arom\u0101ti un atsvaidzino\u0161a gar\u0161a....<\/p>\n","protected":false},"featured_media":2927,"template":"","meta":[],"product_cat":[416],"product_tag":[],"acf":[],"_links":{"self":[{"href":"https:\/\/amberdistribution.lv\/lv\/wp-json\/wp\/v2\/product\/2933"}],"collection":[{"href":"https:\/\/amberdistribution.lv\/lv\/wp-json\/wp\/v2\/product"}],"about":[{"href":"https:\/\/amberdistribution.lv\/lv\/wp-json\/wp\/v2\/types\/product"}],"wp:featuredmedia":[{"embeddable":true,"href":"https:\/\/amberdistribution.lv\/lv\/wp-json\/wp\/v2\/media\/2927"}],"wp:attachment":[{"href":"https:\/\/amberdistribution.lv\/lv\/wp-json\/wp\/v2\/media?parent=2933"}],"wp:term":[{"taxonomy":"product_cat","embeddable":true,"href":"https:\/\/amberdistribution.lv\/lv\/wp-json\/wp\/v2\/product_cat?post=2933"},{"taxonomy":"product_tag","embeddable":true,"href":"https:\/\/amberdistribution.lv\/lv\/wp-json\/wp\/v2\/product_tag?post=2933"}],"curies":[{"name":"wp","href":"https:\/\/api.w.org\/{rel}","templated":true}]}}