{"id":2935,"date":"2022-04-25T14:07:49","date_gmt":"2022-04-25T14:07:49","guid":{"rendered":"https:\/\/amberdistribution.lv\/?post_type=product&#038;p=2935"},"modified":"2022-05-03T07:15:59","modified_gmt":"2022-05-03T07:15:59","slug":"bosca-prosecco-doc-brut","status":"publish","type":"product","link":"https:\/\/amberdistribution.lv\/lv\/product\/bosca-prosecco-doc-brut\/","title":{"rendered":"Bosca Prosecco DOC Brut"},"content":{"rendered":"<p>\u0160is elegantais Prosecco gatavots no Glera v\u012bnog\u0101m, kas audz\u0113tas Veneto re\u0123ion\u0101. Rakstur\u012bgas skaistas, smalkas burbul\u012b\u0161u virtenes, pat\u012bkams nogatavoju\u0161os dzelteno \u0101bolu, bumbieru, balto persiku arom\u0101ts ar elegantu citrusa noti nosl\u0113gum\u0101. Ide\u0101ls k\u0101 aperit\u012bvs, lieliski sader\u0113s ar j\u016bras velt\u0113m, sal\u0101tiem, vistas un zivs \u0113dieniem.<\/p>\n","protected":false},"excerpt":{"rendered":"<p>\u0160is elegantais Prosecco gatavots no Glera v\u012bnog\u0101m, kas audz\u0113tas Veneto re\u0123ion\u0101. Rakstur\u012bgas skaistas, smalkas burbul\u012b\u0161u virtenes, pat\u012bkams nogatavoju\u0161os dzelteno \u0101bolu, bumbieru, balto persiku arom\u0101ts ar elegantu citrusa noti nosl\u0113gum\u0101. Ide\u0101ls...<\/p>\n","protected":false},"featured_media":2921,"template":"","meta":[],"product_cat":[416],"product_tag":[],"acf":[],"_links":{"self":[{"href":"https:\/\/amberdistribution.lv\/lv\/wp-json\/wp\/v2\/product\/2935"}],"collection":[{"href":"https:\/\/amberdistribution.lv\/lv\/wp-json\/wp\/v2\/product"}],"about":[{"href":"https:\/\/amberdistribution.lv\/lv\/wp-json\/wp\/v2\/types\/product"}],"wp:featuredmedia":[{"embeddable":true,"href":"https:\/\/amberdistribution.lv\/lv\/wp-json\/wp\/v2\/media\/2921"}],"wp:attachment":[{"href":"https:\/\/amberdistribution.lv\/lv\/wp-json\/wp\/v2\/media?parent=2935"}],"wp:term":[{"taxonomy":"product_cat","embeddable":true,"href":"https:\/\/amberdistribution.lv\/lv\/wp-json\/wp\/v2\/product_cat?post=2935"},{"taxonomy":"product_tag","embeddable":true,"href":"https:\/\/amberdistribution.lv\/lv\/wp-json\/wp\/v2\/product_tag?post=2935"}],"curies":[{"name":"wp","href":"https:\/\/api.w.org\/{rel}","templated":true}]}}