{"id":2936,"date":"2022-04-25T14:10:16","date_gmt":"2022-04-25T14:10:16","guid":{"rendered":"https:\/\/amberdistribution.lv\/?post_type=product&#038;p=2936"},"modified":"2022-04-25T14:10:17","modified_gmt":"2022-04-25T14:10:17","slug":"bosca-rose","status":"publish","type":"product","link":"https:\/\/amberdistribution.lv\/lv\/product\/bosca-rose\/","title":{"rendered":"Bosca Rose"},"content":{"rendered":"<p>Pussaldais dzirksto\u0161ais Bosca Rose gatavots no kvalitat\u012bva balt\u0101 un sarkan\u0101 v\u012bna, p\u0113c ori\u0123in\u0101las it\u0101lie\u0161u tehnolo\u0123ijas, kas izstr\u0101d\u0101ta Pjemont\u0101. Rakstur\u012bgs mirdzo\u0161i roz\u0101 tonis, vieglas burbul\u012b\u0161u virtenes, svaiga gar\u0161a ar pat\u012bkam\u0101m zeme\u0146u un ave\u0146u not\u012bm. Ieteicams pasniegt atdzes\u0113tu l\u012bdz 7-8\u00b0C k\u0101 aperit\u012bvu, ar sal\u0101tiem, neliel\u0101m uzkod\u0101m, aug\u013ciem, og\u0101m, desertiem.<\/p>\n","protected":false},"excerpt":{"rendered":"<p>Pussaldais dzirksto\u0161ais Bosca Rose gatavots no kvalitat\u012bva balt\u0101 un sarkan\u0101 v\u012bna, p\u0113c ori\u0123in\u0101las it\u0101lie\u0161u tehnolo\u0123ijas, kas izstr\u0101d\u0101ta Pjemont\u0101. Rakstur\u012bgs mirdzo\u0161i roz\u0101 tonis, vieglas burbul\u012b\u0161u virtenes, svaiga gar\u0161a ar pat\u012bkam\u0101m zeme\u0146u...<\/p>\n","protected":false},"featured_media":2911,"template":"","meta":[],"product_cat":[416],"product_tag":[],"acf":[],"_links":{"self":[{"href":"https:\/\/amberdistribution.lv\/lv\/wp-json\/wp\/v2\/product\/2936"}],"collection":[{"href":"https:\/\/amberdistribution.lv\/lv\/wp-json\/wp\/v2\/product"}],"about":[{"href":"https:\/\/amberdistribution.lv\/lv\/wp-json\/wp\/v2\/types\/product"}],"wp:featuredmedia":[{"embeddable":true,"href":"https:\/\/amberdistribution.lv\/lv\/wp-json\/wp\/v2\/media\/2911"}],"wp:attachment":[{"href":"https:\/\/amberdistribution.lv\/lv\/wp-json\/wp\/v2\/media?parent=2936"}],"wp:term":[{"taxonomy":"product_cat","embeddable":true,"href":"https:\/\/amberdistribution.lv\/lv\/wp-json\/wp\/v2\/product_cat?post=2936"},{"taxonomy":"product_tag","embeddable":true,"href":"https:\/\/amberdistribution.lv\/lv\/wp-json\/wp\/v2\/product_tag?post=2936"}],"curies":[{"name":"wp","href":"https:\/\/api.w.org\/{rel}","templated":true}]}}