{"id":3013,"date":"2022-04-26T12:25:15","date_gmt":"2022-04-26T12:25:15","guid":{"rendered":"https:\/\/amberdistribution.lv\/?post_type=product&#038;p=3013"},"modified":"2022-04-26T12:25:48","modified_gmt":"2022-04-26T12:25:48","slug":"cosmopolitan-diva-berry-fusion","status":"publish","type":"product","link":"https:\/\/amberdistribution.lv\/lv\/product\/cosmopolitan-diva-berry-fusion\/","title":{"rendered":"Cosmopolitan Diva Berry fusion"},"content":{"rendered":"<p>\u0160im dzirksto\u0161ajam dz\u0113rienam piem\u012bt intens\u012bvi roz\u0101 tonis, valdzino\u0161a sarkano me\u017ea ogu gar\u0161a un ilgsto\u0161a, sabalans\u0113ta p\u0113cgar\u0161a.<\/p>\n","protected":false},"excerpt":{"rendered":"<p>\u0160im dzirksto\u0161ajam dz\u0113rienam piem\u012bt intens\u012bvi roz\u0101 tonis, valdzino\u0161a sarkano me\u017ea ogu gar\u0161a un ilgsto\u0161a, sabalans\u0113ta p\u0113cgar\u0161a.<\/p>\n","protected":false},"featured_media":3016,"template":"","meta":[],"product_cat":[416],"product_tag":[],"acf":[],"_links":{"self":[{"href":"https:\/\/amberdistribution.lv\/lv\/wp-json\/wp\/v2\/product\/3013"}],"collection":[{"href":"https:\/\/amberdistribution.lv\/lv\/wp-json\/wp\/v2\/product"}],"about":[{"href":"https:\/\/amberdistribution.lv\/lv\/wp-json\/wp\/v2\/types\/product"}],"wp:featuredmedia":[{"embeddable":true,"href":"https:\/\/amberdistribution.lv\/lv\/wp-json\/wp\/v2\/media\/3016"}],"wp:attachment":[{"href":"https:\/\/amberdistribution.lv\/lv\/wp-json\/wp\/v2\/media?parent=3013"}],"wp:term":[{"taxonomy":"product_cat","embeddable":true,"href":"https:\/\/amberdistribution.lv\/lv\/wp-json\/wp\/v2\/product_cat?post=3013"},{"taxonomy":"product_tag","embeddable":true,"href":"https:\/\/amberdistribution.lv\/lv\/wp-json\/wp\/v2\/product_tag?post=3013"}],"curies":[{"name":"wp","href":"https:\/\/api.w.org\/{rel}","templated":true}]}}