{"id":3027,"date":"2022-04-26T12:37:47","date_gmt":"2022-04-26T12:37:47","guid":{"rendered":"https:\/\/amberdistribution.lv\/?post_type=product&#038;p=3027"},"modified":"2024-03-20T12:13:38","modified_gmt":"2024-03-20T12:13:38","slug":"cosmopolitan-diva-original","status":"publish","type":"product","link":"https:\/\/amberdistribution.lv\/lv\/product\/cosmopolitan-diva-original\/","title":{"rendered":"Cosmopolitan Diva Original"},"content":{"rendered":"<p>\u0160im lieliskajam dzirksto\u0161ajam dz\u0113rienam piem\u012bt bag\u0101t\u012bga ogu un aug\u013cu gar\u0161a, un pat\u012bkami salda p\u0113cgar\u0161a. T\u0101 arom\u0101t\u0101 domin\u0113 svaigu aug\u013cu notis, kas papildin\u0101tas ar elegant\u0101m medus un balto ziedu nians\u0113m.<\/p>\n","protected":false},"excerpt":{"rendered":"<p>\u0160im lieliskajam dzirksto\u0161ajam dz\u0113rienam piem\u012bt bag\u0101t\u012bga ogu un aug\u013cu gar\u0161a, un pat\u012bkami salda p\u0113cgar\u0161a. T\u0101 arom\u0101t\u0101 domin\u0113 svaigu aug\u013cu notis, kas papildin\u0101tas ar elegant\u0101m medus un balto ziedu nians\u0113m.<\/p>\n","protected":false},"featured_media":3020,"template":"","meta":[],"product_cat":[416],"product_tag":[],"acf":[],"_links":{"self":[{"href":"https:\/\/amberdistribution.lv\/lv\/wp-json\/wp\/v2\/product\/3027"}],"collection":[{"href":"https:\/\/amberdistribution.lv\/lv\/wp-json\/wp\/v2\/product"}],"about":[{"href":"https:\/\/amberdistribution.lv\/lv\/wp-json\/wp\/v2\/types\/product"}],"wp:featuredmedia":[{"embeddable":true,"href":"https:\/\/amberdistribution.lv\/lv\/wp-json\/wp\/v2\/media\/3020"}],"wp:attachment":[{"href":"https:\/\/amberdistribution.lv\/lv\/wp-json\/wp\/v2\/media?parent=3027"}],"wp:term":[{"taxonomy":"product_cat","embeddable":true,"href":"https:\/\/amberdistribution.lv\/lv\/wp-json\/wp\/v2\/product_cat?post=3027"},{"taxonomy":"product_tag","embeddable":true,"href":"https:\/\/amberdistribution.lv\/lv\/wp-json\/wp\/v2\/product_tag?post=3027"}],"curies":[{"name":"wp","href":"https:\/\/api.w.org\/{rel}","templated":true}]}}