{"id":3103,"date":"2022-04-28T07:20:41","date_gmt":"2022-04-28T07:20:41","guid":{"rendered":"https:\/\/amberdistribution.lv\/?post_type=product&#038;p=3103"},"modified":"2023-01-17T10:37:02","modified_gmt":"2023-01-17T10:37:02","slug":"wolfberger-cremant-brut","status":"publish","type":"product","link":"https:\/\/amberdistribution.lv\/lv\/product\/wolfberger-cremant-brut\/","title":{"rendered":"Wolfberger Cremant Brut"},"content":{"rendered":"<p>Sausais dzirksto\u0161ais v\u012bns no Francijas re\u0123iona Elzasa (Alsace). V\u012bns ir ide\u0101ls k\u0101 aperit\u012bvs, vai ar\u012b var b\u016bt pasniegts pie aug\u013cu desertiem, uzkod\u0101m. Pasniegt atdzes\u0113tu l\u012bdz 7-8\u00b0C. Satur sulf\u012btus.<\/p>\n","protected":false},"excerpt":{"rendered":"<p>Sausais dzirksto\u0161ais v\u012bns no Francijas re\u0123iona Elzasa (Alsace). V\u012bns ir ide\u0101ls k\u0101 aperit\u012bvs, vai ar\u012b var b\u016bt pasniegts pie aug\u013cu desertiem, uzkod\u0101m. Pasniegt atdzes\u0113tu l\u012bdz 7-8\u00b0C. Satur sulf\u012btus.<\/p>\n","protected":false},"featured_media":5231,"template":"","meta":[],"product_cat":[416],"product_tag":[],"acf":[],"_links":{"self":[{"href":"https:\/\/amberdistribution.lv\/lv\/wp-json\/wp\/v2\/product\/3103"}],"collection":[{"href":"https:\/\/amberdistribution.lv\/lv\/wp-json\/wp\/v2\/product"}],"about":[{"href":"https:\/\/amberdistribution.lv\/lv\/wp-json\/wp\/v2\/types\/product"}],"wp:featuredmedia":[{"embeddable":true,"href":"https:\/\/amberdistribution.lv\/lv\/wp-json\/wp\/v2\/media\/5231"}],"wp:attachment":[{"href":"https:\/\/amberdistribution.lv\/lv\/wp-json\/wp\/v2\/media?parent=3103"}],"wp:term":[{"taxonomy":"product_cat","embeddable":true,"href":"https:\/\/amberdistribution.lv\/lv\/wp-json\/wp\/v2\/product_cat?post=3103"},{"taxonomy":"product_tag","embeddable":true,"href":"https:\/\/amberdistribution.lv\/lv\/wp-json\/wp\/v2\/product_tag?post=3103"}],"curies":[{"name":"wp","href":"https:\/\/api.w.org\/{rel}","templated":true}]}}