{"id":3174,"date":"2022-04-29T12:22:55","date_gmt":"2022-04-29T12:22:55","guid":{"rendered":"https:\/\/amberdistribution.lv\/?post_type=product&#038;p=3174"},"modified":"2023-03-08T08:58:19","modified_gmt":"2023-03-08T08:58:19","slug":"wolfberger-pinot-noir-signature-collection","status":"publish","type":"product","link":"https:\/\/amberdistribution.lv\/lv\/product\/wolfberger-pinot-noir-signature-collection\/","title":{"rendered":"Wolfberger Pinot Noir Signature collection"},"content":{"rendered":"<p>Sausais sarkanv\u012bns Wolfberger Pinot Noir Signature collection no Elzasas re\u0123iona. Svaigs, viegls un elegants Pinot Noir ar pat\u012bkamiem \u0137ir\u0161u, melle\u0146u un ave\u0146u arom\u0101tiem. Lieliski papildin\u0101s \u00a0liellopa ga\u013cas \u0113dienus, med\u012bjumu, s\u0113nes. Ietecams pasniegt atdzes\u0113tu.<\/p>\n","protected":false},"excerpt":{"rendered":"<p>Sausais sarkanv\u012bns Wolfberger Pinot Noir Signature collection no Elzasas re\u0123iona. Svaigs, viegls un elegants Pinot Noir ar pat\u012bkamiem \u0137ir\u0161u, melle\u0146u un ave\u0146u arom\u0101tiem. Lieliski papildin\u0101s \u00a0liellopa ga\u013cas \u0113dienus, med\u012bjumu, s\u0113nes....<\/p>\n","protected":false},"featured_media":3185,"template":"","meta":[],"product_cat":[419],"product_tag":[],"acf":[],"_links":{"self":[{"href":"https:\/\/amberdistribution.lv\/lv\/wp-json\/wp\/v2\/product\/3174"}],"collection":[{"href":"https:\/\/amberdistribution.lv\/lv\/wp-json\/wp\/v2\/product"}],"about":[{"href":"https:\/\/amberdistribution.lv\/lv\/wp-json\/wp\/v2\/types\/product"}],"wp:featuredmedia":[{"embeddable":true,"href":"https:\/\/amberdistribution.lv\/lv\/wp-json\/wp\/v2\/media\/3185"}],"wp:attachment":[{"href":"https:\/\/amberdistribution.lv\/lv\/wp-json\/wp\/v2\/media?parent=3174"}],"wp:term":[{"taxonomy":"product_cat","embeddable":true,"href":"https:\/\/amberdistribution.lv\/lv\/wp-json\/wp\/v2\/product_cat?post=3174"},{"taxonomy":"product_tag","embeddable":true,"href":"https:\/\/amberdistribution.lv\/lv\/wp-json\/wp\/v2\/product_tag?post=3174"}],"curies":[{"name":"wp","href":"https:\/\/api.w.org\/{rel}","templated":true}]}}