{"id":3187,"date":"2022-04-29T12:36:12","date_gmt":"2022-04-29T12:36:12","guid":{"rendered":"https:\/\/amberdistribution.lv\/?post_type=product&#038;p=3187"},"modified":"2023-03-08T08:50:37","modified_gmt":"2023-03-08T08:50:37","slug":"wolfberger-riesling-alsace-blanc","status":"publish","type":"product","link":"https:\/\/amberdistribution.lv\/lv\/product\/wolfberger-riesling-alsace-blanc\/","title":{"rendered":"Wolfberger Riesling Alsace Blanc"},"content":{"rendered":"<p>Baltv\u012bns Wolfberger Riesling Alsace Blanc no Francijas zieme\u013caustrumiem, Elzasas re\u0123iona, pagatavots no Riesling \u0161\u0137irnes v\u012bnog\u0101m. V\u012bna bu\u0137et\u0113 j\u016btami citrusaug\u013cu un apriko\u017eu arom\u0101ti. V\u012bnam rakstur\u012bga pat\u012bkama mineralit\u0101te. Labi sader kop\u0101 ar j\u016bras velt\u0113m, su\u0161i, svaigu kazas sieru, putna ga\u013cu, gliemen\u0113m. Ieteicams pasniegt atdzes\u0113tu, 8-10\u00b0C temperat\u016br\u0101.<\/p>\n","protected":false},"excerpt":{"rendered":"<p>Baltv\u012bns Wolfberger Riesling Alsace Blanc no Francijas zieme\u013caustrumiem, Elzasas re\u0123iona, pagatavots no Riesling \u0161\u0137irnes v\u012bnog\u0101m. V\u012bna bu\u0137et\u0113 j\u016btami citrusaug\u013cu un apriko\u017eu arom\u0101ti. V\u012bnam rakstur\u012bga pat\u012bkama mineralit\u0101te. Labi sader kop\u0101 ar...<\/p>\n","protected":false},"featured_media":3175,"template":"","meta":[],"product_cat":[419],"product_tag":[],"acf":[],"_links":{"self":[{"href":"https:\/\/amberdistribution.lv\/lv\/wp-json\/wp\/v2\/product\/3187"}],"collection":[{"href":"https:\/\/amberdistribution.lv\/lv\/wp-json\/wp\/v2\/product"}],"about":[{"href":"https:\/\/amberdistribution.lv\/lv\/wp-json\/wp\/v2\/types\/product"}],"wp:featuredmedia":[{"embeddable":true,"href":"https:\/\/amberdistribution.lv\/lv\/wp-json\/wp\/v2\/media\/3175"}],"wp:attachment":[{"href":"https:\/\/amberdistribution.lv\/lv\/wp-json\/wp\/v2\/media?parent=3187"}],"wp:term":[{"taxonomy":"product_cat","embeddable":true,"href":"https:\/\/amberdistribution.lv\/lv\/wp-json\/wp\/v2\/product_cat?post=3187"},{"taxonomy":"product_tag","embeddable":true,"href":"https:\/\/amberdistribution.lv\/lv\/wp-json\/wp\/v2\/product_tag?post=3187"}],"curies":[{"name":"wp","href":"https:\/\/api.w.org\/{rel}","templated":true}]}}