{"id":3188,"date":"2022-04-29T12:40:03","date_gmt":"2022-04-29T12:40:03","guid":{"rendered":"https:\/\/amberdistribution.lv\/?post_type=product&#038;p=3188"},"modified":"2023-03-08T08:57:32","modified_gmt":"2023-03-08T08:57:32","slug":"wolfberger-signature-gewurztraminer-alsace-blanc","status":"publish","type":"product","link":"https:\/\/amberdistribution.lv\/lv\/product\/wolfberger-signature-gewurztraminer-alsace-blanc\/","title":{"rendered":"Wolfberger Signature Gewurztraminer Alsace Blanc"},"content":{"rendered":"<p>Arom\u0101tiskais baltv\u012bns Wolfberger Signature Gewurztraminer Alsace Blanc no Elzasas re\u0123iona Francij\u0101 gatavots no Gewurztraminer \u0161\u0137irnes v\u012bnog\u0101m. Gai\u0161i zeltainajam v\u012bnam ir izteiksm\u012bgs arom\u0101ts ar smalk\u0101m piparu un krustnagli\u0146u not\u012bm, k\u0101 ar\u012b bag\u0101ta un ilgsto\u0161a p\u0113cgar\u0161a. V\u012bns labi sader\u0113s ar \u0100zijas un Taizemes \u00a0virtuvi, asiem \u0113dieniem, \u00a0\u0113dieniem ar saldsk\u0101b\u0101m m\u0113rc\u0113m, \u00a0vid\u0113ji piparotiem marok\u0101\u0146u \u0113dieniem, vistas tad\u017e\u012bnu, vistas sp\u0101rni\u0146iem, labi papildin\u0101s ar\u012b \u00a0aug\u013cu desertus. Ieteicams pasniegt atdzes\u0113tu \u00a010-12\u00b0C temperat\u016br\u0101.<\/p>\n","protected":false},"excerpt":{"rendered":"<p>Arom\u0101tiskais baltv\u012bns Wolfberger Signature Gewurztraminer Alsace Blanc no Elzasas re\u0123iona Francij\u0101 gatavots no Gewurztraminer \u0161\u0137irnes v\u012bnog\u0101m. Gai\u0161i zeltainajam v\u012bnam ir izteiksm\u012bgs arom\u0101ts ar smalk\u0101m piparu un krustnagli\u0146u not\u012bm, k\u0101 ar\u012b...<\/p>\n","protected":false},"featured_media":3179,"template":"","meta":[],"product_cat":[419],"product_tag":[],"acf":[],"_links":{"self":[{"href":"https:\/\/amberdistribution.lv\/lv\/wp-json\/wp\/v2\/product\/3188"}],"collection":[{"href":"https:\/\/amberdistribution.lv\/lv\/wp-json\/wp\/v2\/product"}],"about":[{"href":"https:\/\/amberdistribution.lv\/lv\/wp-json\/wp\/v2\/types\/product"}],"wp:featuredmedia":[{"embeddable":true,"href":"https:\/\/amberdistribution.lv\/lv\/wp-json\/wp\/v2\/media\/3179"}],"wp:attachment":[{"href":"https:\/\/amberdistribution.lv\/lv\/wp-json\/wp\/v2\/media?parent=3188"}],"wp:term":[{"taxonomy":"product_cat","embeddable":true,"href":"https:\/\/amberdistribution.lv\/lv\/wp-json\/wp\/v2\/product_cat?post=3188"},{"taxonomy":"product_tag","embeddable":true,"href":"https:\/\/amberdistribution.lv\/lv\/wp-json\/wp\/v2\/product_tag?post=3188"}],"curies":[{"name":"wp","href":"https:\/\/api.w.org\/{rel}","templated":true}]}}