{"id":3191,"date":"2022-04-29T12:58:10","date_gmt":"2022-04-29T12:58:10","guid":{"rendered":"https:\/\/amberdistribution.lv\/?post_type=product&#038;p=3191"},"modified":"2023-03-08T08:54:07","modified_gmt":"2023-03-08T08:54:07","slug":"wolfberger-signature-riesling-alsace-blanc","status":"publish","type":"product","link":"https:\/\/amberdistribution.lv\/lv\/product\/wolfberger-signature-riesling-alsace-blanc\/","title":{"rendered":"Wolfberger SIGNATURE Riesling Alsace Blanc"},"content":{"rendered":"<p>Sausais baltv\u012bns Wolfberger SIGNATURE Riesling Alsace Blanc no Elzasas re\u0123iona, Francijas zieme\u013caustrumiem, gatavots \u00a0no Riesling \u0161\u0137irnes v\u012bnog\u0101m. V\u012bna bu\u0137et\u0113 j\u016btami citrusaug\u013cu un apriko\u017eu arom\u0101ti. V\u012bnam rakstur\u012bga pat\u012bkama mineralit\u0101te. Br\u012bni\u0161\u0137\u012bgi sader kop\u0101 ar j\u016bras velt\u0113m, su\u0161i, svaigu kazas sieru, putna ga\u013cu, gliemen\u0113m. Ieteicams pasniegt atdzes\u0113tu, 8-10\u00b0C temperat\u016br\u0101.<\/p>\n","protected":false},"excerpt":{"rendered":"<p>Sausais baltv\u012bns Wolfberger SIGNATURE Riesling Alsace Blanc no Elzasas re\u0123iona, Francijas zieme\u013caustrumiem, gatavots \u00a0no Riesling \u0161\u0137irnes v\u012bnog\u0101m. V\u012bna bu\u0137et\u0113 j\u016btami citrusaug\u013cu un apriko\u017eu arom\u0101ti. V\u012bnam rakstur\u012bga pat\u012bkama mineralit\u0101te. Br\u012bni\u0161\u0137\u012bgi sader...<\/p>\n","protected":false},"featured_media":3183,"template":"","meta":[],"product_cat":[419],"product_tag":[],"acf":[],"_links":{"self":[{"href":"https:\/\/amberdistribution.lv\/lv\/wp-json\/wp\/v2\/product\/3191"}],"collection":[{"href":"https:\/\/amberdistribution.lv\/lv\/wp-json\/wp\/v2\/product"}],"about":[{"href":"https:\/\/amberdistribution.lv\/lv\/wp-json\/wp\/v2\/types\/product"}],"wp:featuredmedia":[{"embeddable":true,"href":"https:\/\/amberdistribution.lv\/lv\/wp-json\/wp\/v2\/media\/3183"}],"wp:attachment":[{"href":"https:\/\/amberdistribution.lv\/lv\/wp-json\/wp\/v2\/media?parent=3191"}],"wp:term":[{"taxonomy":"product_cat","embeddable":true,"href":"https:\/\/amberdistribution.lv\/lv\/wp-json\/wp\/v2\/product_cat?post=3191"},{"taxonomy":"product_tag","embeddable":true,"href":"https:\/\/amberdistribution.lv\/lv\/wp-json\/wp\/v2\/product_tag?post=3191"}],"curies":[{"name":"wp","href":"https:\/\/api.w.org\/{rel}","templated":true}]}}