{"id":3192,"date":"2022-04-29T13:02:27","date_gmt":"2022-04-29T13:02:27","guid":{"rendered":"https:\/\/amberdistribution.lv\/?post_type=product&#038;p=3192"},"modified":"2023-03-08T08:55:20","modified_gmt":"2023-03-08T08:55:20","slug":"wolfberger-sylvaner-alsace-blanc","status":"publish","type":"product","link":"https:\/\/amberdistribution.lv\/lv\/product\/wolfberger-sylvaner-alsace-blanc\/","title":{"rendered":"Wolfberger Sylvaner Alsace Blanc"},"content":{"rendered":"<p>Baltv\u012bns Wolfberger Sylvaner Alsace Blanc no Francijas zieme\u013caustrumiem, Elzasas re\u0123iona, ra\u017eots no Sylvane \u0161\u0137irnes v\u012bnogas. Ieteicams pasniegt atdzes\u0113tu, 10-12\u00b0C temperat\u016br\u0101. Satur sulf\u012btus.<\/p>\n","protected":false},"excerpt":{"rendered":"<p>Baltv\u012bns Wolfberger Sylvaner Alsace Blanc no Francijas zieme\u013caustrumiem, Elzasas re\u0123iona, ra\u017eots no Sylvane \u0161\u0137irnes v\u012bnogas. Ieteicams pasniegt atdzes\u0113tu, 10-12\u00b0C temperat\u016br\u0101. Satur sulf\u012btus.<\/p>\n","protected":false},"featured_media":3177,"template":"","meta":[],"product_cat":[419],"product_tag":[],"acf":[],"_links":{"self":[{"href":"https:\/\/amberdistribution.lv\/lv\/wp-json\/wp\/v2\/product\/3192"}],"collection":[{"href":"https:\/\/amberdistribution.lv\/lv\/wp-json\/wp\/v2\/product"}],"about":[{"href":"https:\/\/amberdistribution.lv\/lv\/wp-json\/wp\/v2\/types\/product"}],"wp:featuredmedia":[{"embeddable":true,"href":"https:\/\/amberdistribution.lv\/lv\/wp-json\/wp\/v2\/media\/3177"}],"wp:attachment":[{"href":"https:\/\/amberdistribution.lv\/lv\/wp-json\/wp\/v2\/media?parent=3192"}],"wp:term":[{"taxonomy":"product_cat","embeddable":true,"href":"https:\/\/amberdistribution.lv\/lv\/wp-json\/wp\/v2\/product_cat?post=3192"},{"taxonomy":"product_tag","embeddable":true,"href":"https:\/\/amberdistribution.lv\/lv\/wp-json\/wp\/v2\/product_tag?post=3192"}],"curies":[{"name":"wp","href":"https:\/\/api.w.org\/{rel}","templated":true}]}}