{"id":3399,"date":"2022-05-10T08:30:32","date_gmt":"2022-05-10T08:30:32","guid":{"rendered":"https:\/\/amberdistribution.lv\/?post_type=product&#038;p=3399"},"modified":"2023-03-01T11:32:43","modified_gmt":"2023-03-01T11:32:43","slug":"villa-annaberta-amarone-valpolicella-doc","status":"publish","type":"product","link":"https:\/\/amberdistribution.lv\/lv\/product\/villa-annaberta-amarone-valpolicella-doc\/","title":{"rendered":"Villa Annaberta Amarone Valpolicella DOC"},"content":{"rendered":"<p>Villa Annaberta Amarone Valpolicella DOC elegants un bag\u0101t\u012bgs sausais sarkanv\u012bns v\u012bns, ko ieg\u016bst no da\u013c\u0113ji \u017e\u0101v\u0113t\u0101m v\u012bnog\u0101m. Sp\u0113c\u012bgi un intens\u012bvi \u0137ir\u0161u li\u0137iera, tum\u0161o v\u012b\u0123u, kan\u0113\u013ca, pl\u016bmju m\u0113rces arom\u0101ti ar viegl\u0101m za\u013co piparu un \u0161okol\u0101des not\u012bm. Bag\u0101t\u012bga gar\u0161a ar mande\u013cu, pl\u016bmju, \u017e\u0101v\u0113tu \u0137ir\u0161u, roz\u012b\u0146u un ave\u0146u nians\u0113m.<\/p>\n","protected":false},"excerpt":{"rendered":"<p>Villa Annaberta Amarone Valpolicella DOC elegants un bag\u0101t\u012bgs sausais sarkanv\u012bns v\u012bns, ko ieg\u016bst no da\u013c\u0113ji \u017e\u0101v\u0113t\u0101m v\u012bnog\u0101m. Sp\u0113c\u012bgi un intens\u012bvi \u0137ir\u0161u li\u0137iera, tum\u0161o v\u012b\u0123u, kan\u0113\u013ca, pl\u016bmju m\u0113rces arom\u0101ti ar viegl\u0101m...<\/p>\n","protected":false},"featured_media":3400,"template":"","meta":[],"product_cat":[420],"product_tag":[],"acf":[],"_links":{"self":[{"href":"https:\/\/amberdistribution.lv\/lv\/wp-json\/wp\/v2\/product\/3399"}],"collection":[{"href":"https:\/\/amberdistribution.lv\/lv\/wp-json\/wp\/v2\/product"}],"about":[{"href":"https:\/\/amberdistribution.lv\/lv\/wp-json\/wp\/v2\/types\/product"}],"wp:featuredmedia":[{"embeddable":true,"href":"https:\/\/amberdistribution.lv\/lv\/wp-json\/wp\/v2\/media\/3400"}],"wp:attachment":[{"href":"https:\/\/amberdistribution.lv\/lv\/wp-json\/wp\/v2\/media?parent=3399"}],"wp:term":[{"taxonomy":"product_cat","embeddable":true,"href":"https:\/\/amberdistribution.lv\/lv\/wp-json\/wp\/v2\/product_cat?post=3399"},{"taxonomy":"product_tag","embeddable":true,"href":"https:\/\/amberdistribution.lv\/lv\/wp-json\/wp\/v2\/product_tag?post=3399"}],"curies":[{"name":"wp","href":"https:\/\/api.w.org\/{rel}","templated":true}]}}