{"id":3421,"date":"2022-05-10T09:24:35","date_gmt":"2022-05-10T09:24:35","guid":{"rendered":"https:\/\/amberdistribution.lv\/?post_type=product&#038;p=3421"},"modified":"2024-08-14T07:45:29","modified_gmt":"2024-08-14T07:45:29","slug":"arinzano-gran-vino-de-pago-blanco","status":"publish","type":"product","link":"https:\/\/amberdistribution.lv\/lv\/product\/arinzano-gran-vino-de-pago-blanco\/","title":{"rendered":"Arinzano Gran Vino De Pago Blanco"},"content":{"rendered":"<p>Arinzano Gran Vino De Pago Blanco ir sauss baltv\u012bns, gatavots no 100% Chardonnay v\u012bnog\u0101m. V\u012bns nogatavin\u0101ts 11 m\u0113ne\u0161us fran\u010du izcelsmes ozolkoka muc\u0101s, no kur\u0101m 70% ir jaunas, bet 30 % vienu gadu vecas ozolkoka mucas.<\/p>\n<p>V\u012bnam piem\u012bt b\u0101la, zeltaini dzeltena kr\u0101sa, ko nedaudz papildina ol\u012bvza\u013cas kr\u0101sas nianses. Arom\u0101tu palete ir intens\u012bva un eleganta, un bag\u0101t\u012bga. Rakstur\u012bgi citrusaug\u013cu, \u017e\u0101v\u0113tu aug\u013cu arom\u0101ti un pat\u012bkama mineralit\u0101tes nots. Gar\u0161as palete ir svaiga un izcili sabalans\u0113ta, ar ilgu un notur\u012bgu p\u0113cgar\u0161u.<\/p>\n<p>V\u012bns lieliski sader\u0113s ar vistas ga\u013cas \u0113dieniem, viegliem sal\u0101tiem, ziv\u012bm un j\u016bras velt\u0113m. Ieteicams pasniegt atdzes\u0113tu 8-12\u00b0C temperat\u016br\u0101.<\/p>\n","protected":false},"excerpt":{"rendered":"<p>Arinzano Gran Vino De Pago Blanco ir sauss baltv\u012bns, gatavots no 100% Chardonnay v\u012bnog\u0101m. V\u012bns nogatavin\u0101ts 11 m\u0113ne\u0161us fran\u010du izcelsmes ozolkoka muc\u0101s, no kur\u0101m 70% ir jaunas, bet 30 %...<\/p>\n","protected":false},"featured_media":6859,"template":"","meta":[],"product_cat":[421],"product_tag":[],"acf":[],"_links":{"self":[{"href":"https:\/\/amberdistribution.lv\/lv\/wp-json\/wp\/v2\/product\/3421"}],"collection":[{"href":"https:\/\/amberdistribution.lv\/lv\/wp-json\/wp\/v2\/product"}],"about":[{"href":"https:\/\/amberdistribution.lv\/lv\/wp-json\/wp\/v2\/types\/product"}],"wp:featuredmedia":[{"embeddable":true,"href":"https:\/\/amberdistribution.lv\/lv\/wp-json\/wp\/v2\/media\/6859"}],"wp:attachment":[{"href":"https:\/\/amberdistribution.lv\/lv\/wp-json\/wp\/v2\/media?parent=3421"}],"wp:term":[{"taxonomy":"product_cat","embeddable":true,"href":"https:\/\/amberdistribution.lv\/lv\/wp-json\/wp\/v2\/product_cat?post=3421"},{"taxonomy":"product_tag","embeddable":true,"href":"https:\/\/amberdistribution.lv\/lv\/wp-json\/wp\/v2\/product_tag?post=3421"}],"curies":[{"name":"wp","href":"https:\/\/api.w.org\/{rel}","templated":true}]}}